{"id":102255,"date":"2025-03-15T09:59:45","date_gmt":"2025-03-15T07:59:45","guid":{"rendered":"https:\/\/www.bestexfabricage.nl\/product\/havep-arbeitshose-damen-stretch-havep-attitude-80639-schwarz-anthrazit\/"},"modified":"2025-03-15T09:59:45","modified_gmt":"2025-03-15T07:59:45","slug":"havep-arbeitshose-damen-stretch-havep-attitude-80639-schwarz-anthrazit","status":"publish","type":"product","link":"https:\/\/www.bestexfabricage.nl\/de\/product\/havep-arbeitshose-damen-stretch-havep-attitude-80639-schwarz-anthrazit\/","title":{"rendered":"Havep Arbeitshose Damen Stretch HAVEP\u00ae Attitude 80639 Schwarz\/Anthrazit"},"content":{"rendered":"<div class=\"description\">\n<div class=\"details-img\">\n<div class=\"carousel-legend\">\n<div class=\"info-wrapper\">\n<div class=\"info-wrapper\">\n<div class=\"info-wrapper\">\n<div class=\"info-wrapper\">\n<div class=\"info-wrapper\">\n<div class=\"info-wrapper\">\n<div class=\"info-wrapper\">\n<div class=\"info-wrapper\">\n<div class=\"info-wrapper\">\n<div class=\"info-wrapper\">\n<div class=\"info-wrapper\">\n<div class=\"info-wrapper\">\n<div class=\"info-wrapper\">\n<div class=\"info-wrapper\">\n<div class=\"info-wrapper\">\n<div class=\"info-wrapper\">\n<div class=\"info-wrapper\">\n<div class=\"info-wrapper\">\n<div class=\"info-wrapper\">\n<div class=\"info-wrapper\">\n<div class=\"info-wrapper\">\n<div class=\"info-wrapper\">\n<div class=\"info-wrapper\">\n<div class=\"info-wrapper\">\n<div class=\"info-wrapper\">\n<div class=\"info-wrapper\">\n<div class=\"info-wrapper\">\n<div class=\"info-wrapper\">\n<p>Achtung! Artikel bestellen. Lieferzeit +\/- 4 Arbeitstage, sofern beim Lieferanten vorr\u00e4tig.<\/p>\n<div class=\"info-wrapper\">\n<h4 class=\"field-label-above\">Beschreibung<\/h4>\n<p>Arbeitshose Stretch Damen HAVEP\u00ae Attitude Kollektion. Die Arbeitshose mit Codura\u00ae-Verst\u00e4rkungen ist aus recyceltem Polyester mit Elastan hergestellt.<\/p>\n<\/div>\n<div class=\"info-wrapper\">\n<h4 class=\"field-label-above\">Merkmale<\/h4>\n<ul>\n<li style=\"list-style-type: none;\">\n<ul>\n<li>Verdeckter Rei\u00dfverschluss<\/li>\n<li>2 ger\u00e4umige seitliche Eingrifftaschen<\/li>\n<li>2 ger\u00e4umige Ges\u00e4\u00dftaschen, 1 mit Patte<\/li>\n<\/ul>\n<\/li>\n<\/ul>\n<p>abnehmbare Zollstocktasche mit zus\u00e4tzlicher Werkzeugtascheger\u00e4umige abnehmbare Oberschenkeltasche mit Patte und zus\u00e4tzliche Aufbewahrungsm\u00f6glichkeiten durch zus\u00e4tzliche Werkzeugtaschenvorgeformte Hosenbeine f\u00fcr sehr gute PassformCodura\u00ae-Verst\u00e4rkungen und dreifach vern\u00e4hte N\u00e4hte an gef\u00e4hrdeten Stellen f\u00fcr eine extra lange LebensdauerG\u00fcrtelschlaufe am R\u00fcckenverstellbarer HammerschlaufenringReflektierende Paspelierung am Bund<\/p>\n<\/div>\n<\/div>\n<\/div>\n<\/div>\n<\/div>\n<\/div>\n<\/div>\n<\/div>\n<\/div>\n<\/div>\n<\/div>\n<\/div>\n<\/div>\n<\/div>\n<\/div>\n<\/div>\n<\/div>\n<\/div>\n<\/div>\n<\/div>\n<\/div>\n<\/div>\n<\/div>\n<\/div>\n<\/div>\n<\/div>\n<\/div>\n<\/div>\n<\/div>\n<\/div>\n<\/div>\n<\/div>\n","protected":false},"excerpt":{"rendered":"<div class=\"info-wrapper\">\n<div class=\"quality-data\">\n<div class=\"remote_entity\" data-bulkorder-entity-id=\"remote_entity\/5254\">\n<div class=\"info-wrapper\">\n<div class=\"quality-data\">\n<div class=\"remote_entity\" data-bulkorder-entity-id=\"remote_entity\/1953\">\n<p>91%\/9% | Polyester (recycelt)\/Elastan | 295 g\/m\u00b2<\/p>\n<\/div>\n<\/div>\n<\/div>\n<\/div>\n<\/div>\n<\/div>\n","protected":false},"featured_media":90135,"comment_status":"open","ping_status":"closed","template":"","meta":{"_acf_changed":false},"product_brand":[],"product_cat":[18],"product_tag":[],"class_list":{"0":"post-102255","1":"product","2":"type-product","3":"status-publish","4":"has-post-thumbnail","6":"product_cat-geen-categorie","7":"pa_collectie-havep-5safety-image-de","8":"pa_kleur-grau","9":"pa_kleur-schwarz","10":"pa_kwaliteit-280-gr-m2-de","11":"pa_maat-d34-de","12":"pa_maat-d36-de","13":"pa_maat-d38-de","14":"pa_maat-d40-de","15":"pa_maat-d42-de","16":"pa_maat-d44-de","17":"pa_maat-d46-de","18":"pa_maat-d48-de","19":"pa_maat-d50-de","20":"pa_maat-d52-de","21":"pa_maat-d54-de","22":"pa_maat-d56-de","23":"pa_merk-havep-de","24":"pa_norm-en-1149-de","25":"pa_norm-en-13034-de","26":"pa_norm-en-17353-de","27":"pa_norm-en-iso-11611-de","28":"pa_norm-en-iso-11612-de","29":"pa_norm-iec-61482-de","30":"pa_producttype-arbeitshose","31":"pa_samenstelling-80-19-1-baumwolle-polyester-carbon-4-1-satinbindung-dwr","33":"first","34":"instock","35":"taxable","36":"shipping-taxable","37":"purchasable","38":"product-type-variable"},"acf":[],"yoast_head":"<!-- This site is optimized with the Yoast SEO plugin v27.5 - https:\/\/yoast.com\/product\/yoast-seo-wordpress\/ -->\n<title>Havep Arbeitshose Damen Stretch HAVEP\u00ae Attitude 80639 Schwarz\/Anthrazit - Bestex Fabricage b.v.<\/title>\n<meta name=\"robots\" content=\"index, follow, max-snippet:-1, max-image-preview:large, max-video-preview:-1\" \/>\n<link rel=\"canonical\" href=\"https:\/\/www.bestexfabricage.nl\/de\/product\/havep-arbeitshose-damen-stretch-havep-attitude-80639-schwarz-anthrazit\/\" \/>\n<meta property=\"og:locale\" content=\"de_DE\" \/>\n<meta property=\"og:type\" content=\"article\" \/>\n<meta property=\"og:title\" content=\"Havep Arbeitshose Damen Stretch HAVEP\u00ae Attitude 80639 Schwarz\/Anthrazit - Bestex Fabricage b.v.\" \/>\n<meta property=\"og:description\" content=\"91%\/9% | Polyester (recycelt)\/Elastan | 295 g\/m\u00b2\" \/>\n<meta property=\"og:url\" content=\"https:\/\/www.bestexfabricage.nl\/de\/product\/havep-arbeitshose-damen-stretch-havep-attitude-80639-schwarz-anthrazit\/\" \/>\n<meta property=\"og:site_name\" content=\"Bestex Fabricage b.v.\" \/>\n<meta property=\"og:image\" content=\"https:\/\/www.bestexfabricage.nl\/wp-content\/uploads\/2025\/03\/80639520CDK_front.png\" \/>\n\t<meta property=\"og:image:width\" content=\"239\" \/>\n\t<meta property=\"og:image:height\" content=\"480\" \/>\n\t<meta property=\"og:image:type\" content=\"image\/png\" \/>\n<meta name=\"twitter:card\" content=\"summary_large_image\" \/>\n<script type=\"application\/ld+json\" class=\"yoast-schema-graph\">{\"@context\":\"https:\\\/\\\/schema.org\",\"@graph\":[{\"@type\":\"WebPage\",\"@id\":\"https:\\\/\\\/www.bestexfabricage.nl\\\/de\\\/product\\\/havep-arbeitshose-damen-stretch-havep-attitude-80639-schwarz-anthrazit\\\/\",\"url\":\"https:\\\/\\\/www.bestexfabricage.nl\\\/de\\\/product\\\/havep-arbeitshose-damen-stretch-havep-attitude-80639-schwarz-anthrazit\\\/\",\"name\":\"Havep Arbeitshose Damen Stretch HAVEP\u00ae Attitude 80639 Schwarz\\\/Anthrazit - Bestex Fabricage b.v.\",\"isPartOf\":{\"@id\":\"https:\\\/\\\/www.bestexfabricage.nl\\\/de\\\/#website\"},\"primaryImageOfPage\":{\"@id\":\"https:\\\/\\\/www.bestexfabricage.nl\\\/de\\\/product\\\/havep-arbeitshose-damen-stretch-havep-attitude-80639-schwarz-anthrazit\\\/#primaryimage\"},\"image\":{\"@id\":\"https:\\\/\\\/www.bestexfabricage.nl\\\/de\\\/product\\\/havep-arbeitshose-damen-stretch-havep-attitude-80639-schwarz-anthrazit\\\/#primaryimage\"},\"thumbnailUrl\":\"https:\\\/\\\/www.bestexfabricage.nl\\\/wp-content\\\/uploads\\\/2025\\\/03\\\/80639520CDK_front.png\",\"datePublished\":\"2025-03-15T07:59:45+00:00\",\"breadcrumb\":{\"@id\":\"https:\\\/\\\/www.bestexfabricage.nl\\\/de\\\/product\\\/havep-arbeitshose-damen-stretch-havep-attitude-80639-schwarz-anthrazit\\\/#breadcrumb\"},\"inLanguage\":\"de\",\"potentialAction\":[{\"@type\":\"ReadAction\",\"target\":[\"https:\\\/\\\/www.bestexfabricage.nl\\\/de\\\/product\\\/havep-arbeitshose-damen-stretch-havep-attitude-80639-schwarz-anthrazit\\\/\"]}]},{\"@type\":\"ImageObject\",\"inLanguage\":\"de\",\"@id\":\"https:\\\/\\\/www.bestexfabricage.nl\\\/de\\\/product\\\/havep-arbeitshose-damen-stretch-havep-attitude-80639-schwarz-anthrazit\\\/#primaryimage\",\"url\":\"https:\\\/\\\/www.bestexfabricage.nl\\\/wp-content\\\/uploads\\\/2025\\\/03\\\/80639520CDK_front.png\",\"contentUrl\":\"https:\\\/\\\/www.bestexfabricage.nl\\\/wp-content\\\/uploads\\\/2025\\\/03\\\/80639520CDK_front.png\",\"width\":239,\"height\":480},{\"@type\":\"BreadcrumbList\",\"@id\":\"https:\\\/\\\/www.bestexfabricage.nl\\\/de\\\/product\\\/havep-arbeitshose-damen-stretch-havep-attitude-80639-schwarz-anthrazit\\\/#breadcrumb\",\"itemListElement\":[{\"@type\":\"ListItem\",\"position\":1,\"name\":\"Home\",\"item\":\"https:\\\/\\\/www.bestexfabricage.nl\\\/de\\\/\"},{\"@type\":\"ListItem\",\"position\":2,\"name\":\"Shop\",\"item\":\"https:\\\/\\\/www.bestexfabricage.nl\\\/de\\\/shop\\\/\"},{\"@type\":\"ListItem\",\"position\":3,\"name\":\"Havep Arbeitshose Damen Stretch HAVEP\u00ae Attitude 80639 Schwarz\\\/Anthrazit\"}]},{\"@type\":\"WebSite\",\"@id\":\"https:\\\/\\\/www.bestexfabricage.nl\\\/de\\\/#website\",\"url\":\"https:\\\/\\\/www.bestexfabricage.nl\\\/de\\\/\",\"name\":\"Bestex Fabricage b.v.\",\"description\":\"\",\"publisher\":{\"@id\":\"https:\\\/\\\/www.bestexfabricage.nl\\\/de\\\/#organization\"},\"potentialAction\":[{\"@type\":\"SearchAction\",\"target\":{\"@type\":\"EntryPoint\",\"urlTemplate\":\"https:\\\/\\\/www.bestexfabricage.nl\\\/de\\\/?s={search_term_string}\"},\"query-input\":{\"@type\":\"PropertyValueSpecification\",\"valueRequired\":true,\"valueName\":\"search_term_string\"}}],\"inLanguage\":\"de\"},{\"@type\":\"Organization\",\"@id\":\"https:\\\/\\\/www.bestexfabricage.nl\\\/de\\\/#organization\",\"name\":\"Bestex Fabricage b.v.\",\"url\":\"https:\\\/\\\/www.bestexfabricage.nl\\\/de\\\/\",\"logo\":{\"@type\":\"ImageObject\",\"inLanguage\":\"de\",\"@id\":\"https:\\\/\\\/www.bestexfabricage.nl\\\/de\\\/#\\\/schema\\\/logo\\\/image\\\/\",\"url\":\"https:\\\/\\\/www.bestexfabricage.nl\\\/wp-content\\\/uploads\\\/2024\\\/11\\\/BestexLogoPNG.png\",\"contentUrl\":\"https:\\\/\\\/www.bestexfabricage.nl\\\/wp-content\\\/uploads\\\/2024\\\/11\\\/BestexLogoPNG.png\",\"width\":516,\"height\":237,\"caption\":\"Bestex Fabricage b.v.\"},\"image\":{\"@id\":\"https:\\\/\\\/www.bestexfabricage.nl\\\/de\\\/#\\\/schema\\\/logo\\\/image\\\/\"}}]}<\/script>\n<!-- \/ Yoast SEO plugin. -->","yoast_head_json":{"title":"Havep Arbeitshose Damen Stretch HAVEP\u00ae Attitude 80639 Schwarz\/Anthrazit - Bestex Fabricage b.v.","robots":{"index":"index","follow":"follow","max-snippet":"max-snippet:-1","max-image-preview":"max-image-preview:large","max-video-preview":"max-video-preview:-1"},"canonical":"https:\/\/www.bestexfabricage.nl\/de\/product\/havep-arbeitshose-damen-stretch-havep-attitude-80639-schwarz-anthrazit\/","og_locale":"de_DE","og_type":"article","og_title":"Havep Arbeitshose Damen Stretch HAVEP\u00ae Attitude 80639 Schwarz\/Anthrazit - Bestex Fabricage b.v.","og_description":"91%\/9% | Polyester (recycelt)\/Elastan | 295 g\/m\u00b2","og_url":"https:\/\/www.bestexfabricage.nl\/de\/product\/havep-arbeitshose-damen-stretch-havep-attitude-80639-schwarz-anthrazit\/","og_site_name":"Bestex Fabricage b.v.","og_image":[{"width":239,"height":480,"url":"https:\/\/www.bestexfabricage.nl\/wp-content\/uploads\/2025\/03\/80639520CDK_front.png","type":"image\/png"}],"twitter_card":"summary_large_image","schema":{"@context":"https:\/\/schema.org","@graph":[{"@type":"WebPage","@id":"https:\/\/www.bestexfabricage.nl\/de\/product\/havep-arbeitshose-damen-stretch-havep-attitude-80639-schwarz-anthrazit\/","url":"https:\/\/www.bestexfabricage.nl\/de\/product\/havep-arbeitshose-damen-stretch-havep-attitude-80639-schwarz-anthrazit\/","name":"Havep Arbeitshose Damen Stretch HAVEP\u00ae Attitude 80639 Schwarz\/Anthrazit - Bestex Fabricage b.v.","isPartOf":{"@id":"https:\/\/www.bestexfabricage.nl\/de\/#website"},"primaryImageOfPage":{"@id":"https:\/\/www.bestexfabricage.nl\/de\/product\/havep-arbeitshose-damen-stretch-havep-attitude-80639-schwarz-anthrazit\/#primaryimage"},"image":{"@id":"https:\/\/www.bestexfabricage.nl\/de\/product\/havep-arbeitshose-damen-stretch-havep-attitude-80639-schwarz-anthrazit\/#primaryimage"},"thumbnailUrl":"https:\/\/www.bestexfabricage.nl\/wp-content\/uploads\/2025\/03\/80639520CDK_front.png","datePublished":"2025-03-15T07:59:45+00:00","breadcrumb":{"@id":"https:\/\/www.bestexfabricage.nl\/de\/product\/havep-arbeitshose-damen-stretch-havep-attitude-80639-schwarz-anthrazit\/#breadcrumb"},"inLanguage":"de","potentialAction":[{"@type":"ReadAction","target":["https:\/\/www.bestexfabricage.nl\/de\/product\/havep-arbeitshose-damen-stretch-havep-attitude-80639-schwarz-anthrazit\/"]}]},{"@type":"ImageObject","inLanguage":"de","@id":"https:\/\/www.bestexfabricage.nl\/de\/product\/havep-arbeitshose-damen-stretch-havep-attitude-80639-schwarz-anthrazit\/#primaryimage","url":"https:\/\/www.bestexfabricage.nl\/wp-content\/uploads\/2025\/03\/80639520CDK_front.png","contentUrl":"https:\/\/www.bestexfabricage.nl\/wp-content\/uploads\/2025\/03\/80639520CDK_front.png","width":239,"height":480},{"@type":"BreadcrumbList","@id":"https:\/\/www.bestexfabricage.nl\/de\/product\/havep-arbeitshose-damen-stretch-havep-attitude-80639-schwarz-anthrazit\/#breadcrumb","itemListElement":[{"@type":"ListItem","position":1,"name":"Home","item":"https:\/\/www.bestexfabricage.nl\/de\/"},{"@type":"ListItem","position":2,"name":"Shop","item":"https:\/\/www.bestexfabricage.nl\/de\/shop\/"},{"@type":"ListItem","position":3,"name":"Havep Arbeitshose Damen Stretch HAVEP\u00ae Attitude 80639 Schwarz\/Anthrazit"}]},{"@type":"WebSite","@id":"https:\/\/www.bestexfabricage.nl\/de\/#website","url":"https:\/\/www.bestexfabricage.nl\/de\/","name":"Bestex Fabricage b.v.","description":"","publisher":{"@id":"https:\/\/www.bestexfabricage.nl\/de\/#organization"},"potentialAction":[{"@type":"SearchAction","target":{"@type":"EntryPoint","urlTemplate":"https:\/\/www.bestexfabricage.nl\/de\/?s={search_term_string}"},"query-input":{"@type":"PropertyValueSpecification","valueRequired":true,"valueName":"search_term_string"}}],"inLanguage":"de"},{"@type":"Organization","@id":"https:\/\/www.bestexfabricage.nl\/de\/#organization","name":"Bestex Fabricage b.v.","url":"https:\/\/www.bestexfabricage.nl\/de\/","logo":{"@type":"ImageObject","inLanguage":"de","@id":"https:\/\/www.bestexfabricage.nl\/de\/#\/schema\/logo\/image\/","url":"https:\/\/www.bestexfabricage.nl\/wp-content\/uploads\/2024\/11\/BestexLogoPNG.png","contentUrl":"https:\/\/www.bestexfabricage.nl\/wp-content\/uploads\/2024\/11\/BestexLogoPNG.png","width":516,"height":237,"caption":"Bestex Fabricage b.v."},"image":{"@id":"https:\/\/www.bestexfabricage.nl\/de\/#\/schema\/logo\/image\/"}}]}},"_links":{"self":[{"href":"https:\/\/www.bestexfabricage.nl\/de\/wp-json\/wp\/v2\/product\/102255","targetHints":{"allow":["GET"]}}],"collection":[{"href":"https:\/\/www.bestexfabricage.nl\/de\/wp-json\/wp\/v2\/product"}],"about":[{"href":"https:\/\/www.bestexfabricage.nl\/de\/wp-json\/wp\/v2\/types\/product"}],"replies":[{"embeddable":true,"href":"https:\/\/www.bestexfabricage.nl\/de\/wp-json\/wp\/v2\/comments?post=102255"}],"wp:featuredmedia":[{"embeddable":true,"href":"https:\/\/www.bestexfabricage.nl\/de\/wp-json\/wp\/v2\/media\/90135"}],"wp:attachment":[{"href":"https:\/\/www.bestexfabricage.nl\/de\/wp-json\/wp\/v2\/media?parent=102255"}],"wp:term":[{"taxonomy":"product_brand","embeddable":true,"href":"https:\/\/www.bestexfabricage.nl\/de\/wp-json\/wp\/v2\/product_brand?post=102255"},{"taxonomy":"product_cat","embeddable":true,"href":"https:\/\/www.bestexfabricage.nl\/de\/wp-json\/wp\/v2\/product_cat?post=102255"},{"taxonomy":"product_tag","embeddable":true,"href":"https:\/\/www.bestexfabricage.nl\/de\/wp-json\/wp\/v2\/product_tag?post=102255"}],"curies":[{"name":"wp","href":"https:\/\/api.w.org\/{rel}","templated":true}]}}