{"id":105494,"date":"2023-12-09T11:10:32","date_gmt":"2023-12-09T09:10:32","guid":{"rendered":"https:\/\/www.bestexfabricage.nl\/product\/havep-80298-damenhose-attitude-indigoblau\/"},"modified":"2023-12-09T11:10:32","modified_gmt":"2023-12-09T09:10:32","slug":"havep-80298-damenhose-attitude-indigoblau","status":"publish","type":"product","link":"https:\/\/www.bestexfabricage.nl\/de\/product\/havep-80298-damenhose-attitude-indigoblau\/","title":{"rendered":"Havep 80298 Damenhose Attitude Indigoblau"},"content":{"rendered":"<div class=\"description\">\n<div class=\"details-img\">\n<div class=\"carousel-legend\">\n<div class=\"info-wrapper\">\n<div class=\"info-wrapper\">\n<div class=\"info-wrapper\">\n<div class=\"info-wrapper\">\n<div class=\"info-wrapper\">\n<div class=\"info-wrapper\">\n<div class=\"info-wrapper\">\n<div class=\"info-wrapper\">\n<div class=\"info-wrapper\">\n<div class=\"info-wrapper\">\n<div class=\"info-wrapper\">\n<div class=\"info-wrapper\">\n<div class=\"info-wrapper\">\n<div class=\"info-wrapper\">\n<div class=\"info-wrapper\">\n<div class=\"info-wrapper\">\n<div class=\"info-wrapper\">\n<div class=\"info-wrapper\">\n<div class=\"info-wrapper\">\n<div class=\"info-wrapper\">\n<div class=\"info-wrapper\">\n<div class=\"info-wrapper\">\n<div class=\"info-wrapper\">\n<div class=\"info-wrapper\">\n<div class=\"info-wrapper\">\n<div class=\"info-wrapper\">\n<div class=\"info-wrapper\">\n<div class=\"info-wrapper\">\n<div class=\"info-wrapper\">\n<div class=\"info-wrapper\">\n<div class=\"info-wrapper\">\n<div class=\"info-wrapper\">\n<div class=\"info-wrapper\">\n<div class=\"info-wrapper\">\n<div class=\"info-wrapper\">\n<div class=\"info-wrapper\">\n<div class=\"info-wrapper\">\n<div class=\"info-wrapper\">\n<div class=\"info-wrapper\">\n<div class=\"info-wrapper\">\n<div class=\"info-wrapper\">\n<div class=\"info-wrapper\">\n<div class=\"info-wrapper\">\n<div class=\"info-wrapper\">\n<div class=\"info-wrapper\">\n<div class=\"info-wrapper\">\n<div class=\"info-wrapper\">\n<div class=\"info-wrapper\">\n<div class=\"info-wrapper\">\n<div class=\"info-wrapper\">\n<div class=\"info-wrapper\">\n<div class=\"info-wrapper\">\n<div class=\"info-wrapper\">\n<div class=\"info-wrapper\">\n<div class=\"info-wrapper\">\n<div class=\"info-wrapper\">\n<div class=\"info-wrapper\">\n<div class=\"info-wrapper\">\n<div class=\"info-wrapper\">\n<div class=\"info-wrapper\">\n<div class=\"info-wrapper\">\n<div class=\"info-wrapper\">\n<div class=\"info-wrapper\">\n<div class=\"info-wrapper\">\n<div class=\"info-wrapper\">\n<div class=\"info-wrapper\">\n<div class=\"info-wrapper\">\n<div class=\"info-wrapper\">\n<div class=\"info-wrapper\">\n<div class=\"info-wrapper\">\n<div class=\"info-wrapper\">\n<div class=\"info-wrapper\">\n<div class=\"info-wrapper\">\n<div class=\"info-wrapper\">\n<div class=\"info-wrapper\">\n<div class=\"info-wrapper\">\n<div class=\"info-wrapper\">\n<div class=\"info-wrapper\">\n<div class=\"info-wrapper\">\n<div class=\"info-wrapper\">\n<div class=\"info-wrapper\">\n<div class=\"info-wrapper\">\n<div class=\"info-wrapper\">\n<div class=\"info-wrapper\">\n<div class=\"info-wrapper\">\n<div class=\"info-wrapper\">\n<div class=\"info-wrapper\">\n<div class=\"info-wrapper\">\n<div class=\"info-wrapper\">\n<div class=\"info-wrapper\">\n<div class=\"info-wrapper\">\n<div class=\"info-wrapper\">\n<div class=\"info-wrapper\">\n<div class=\"info-wrapper\">\n<div class=\"info-wrapper\">\n<div class=\"info-wrapper\">\n<div class=\"info-wrapper\">\n<div class=\"info-wrapper\">\n<div class=\"info-wrapper\">\n<div class=\"info-wrapper\">\n<div class=\"info-wrapper\">\n<div class=\"info-wrapper\">\n<div class=\"info-wrapper\">\n<div class=\"info-wrapper\">\n<div class=\"info-wrapper\">\n<div class=\"info-wrapper\">\n<div class=\"info-wrapper\">\n<div class=\"info-wrapper\">\n<div class=\"info-wrapper\">\n<div class=\"info-wrapper\">\n<div class=\"info-wrapper\">\n<div class=\"info-wrapper\">\n<div class=\"info-wrapper\">\n<div class=\"info-wrapper\">\n<div class=\"info-wrapper\">\n<div class=\"info-wrapper\">\n<div class=\"info-wrapper\">\n<p>Achtung! Artikel bestellen. Lieferzeit +\/- 4 Arbeitstage, sofern beim Lieferanten vorr\u00e4tig.<\/p>\n<h4 class=\"field-label-above\">BESCHREIBUNG<\/h4>\n<p>Damen-Arbeitshose aus der HAVEP\u00ae Attitude-Kollektion. Diese Arbeitshose mit Stretch und Cordura\u00ae-Verst\u00e4rkungen besteht aus Polyester\/Baumwolle.<\/p>\n<\/div>\n<div class=\"info-wrapper\">\n<h4 class=\"field-label-above\">MERKMALE<\/h4>\n<ul>\n<li>verdeckter Rei\u00dfverschluss<\/li>\n<li>2 ger\u00e4umige seitliche Eingrifftaschen<\/li>\n<li>2 ger\u00e4umige Ges\u00e4\u00dftaschen, 1 mit Patte<\/li>\n<li>lose h\u00e4ngende Zollstocktasche mit zus\u00e4tzlichen Werkzeugtaschen<\/li>\n<li>ger\u00e4umige, lose h\u00e4ngende Oberschenkeltasche mit Patte und zus\u00e4tzlichen Verstaum\u00f6glichkeiten durch zus\u00e4tzliche Werkzeugtaschen<\/li>\n<li>vorgeformte Beine f\u00fcr eine sehr gute Passform<\/li>\n<li>Cordura\u00ae-Verst\u00e4rkungen und Dreifachn\u00e4hte an exponierten Stellen f\u00fcr zus\u00e4tzliche Haltbarkeit<\/li>\n<li>breite G\u00fcrtelschlaufen<\/li>\n<li>verstellbare Hammerschlaufe mit Druckknopf<\/li>\n<li>sehr robustes, atmungsaktives Stretchgewebe (Polyamid\/Lycra) in der Kniekehle f\u00fcr optimalen Tragekomfort<\/li>\n<li>1 D-Ring f\u00fcr Ausweishalter<\/li>\n<li>reflektierende Paspelierung<\/li>\n<li>verstellbarer Gummizug im Hosenbund<\/li>\n<\/ul>\n<\/div>\n<\/div>\n<\/div>\n<\/div>\n<\/div>\n<\/div>\n<\/div>\n<\/div>\n<\/div>\n<\/div>\n<\/div>\n<\/div>\n<\/div>\n<\/div>\n<\/div>\n<\/div>\n<\/div>\n<\/div>\n<\/div>\n<\/div>\n<\/div>\n<\/div>\n<\/div>\n<\/div>\n<\/div>\n<\/div>\n<\/div>\n<\/div>\n<\/div>\n<\/div>\n<\/div>\n<\/div>\n<\/div>\n<\/div>\n<\/div>\n<\/div>\n<\/div>\n<\/div>\n<\/div>\n<\/div>\n<\/div>\n<\/div>\n<\/div>\n<\/div>\n<\/div>\n<\/div>\n<\/div>\n<\/div>\n<\/div>\n<\/div>\n<\/div>\n<\/div>\n<\/div>\n<\/div>\n<\/div>\n<\/div>\n<\/div>\n<\/div>\n<\/div>\n<\/div>\n<\/div>\n<\/div>\n<\/div>\n<\/div>\n<\/div>\n<\/div>\n<\/div>\n<\/div>\n<\/div>\n<\/div>\n<\/div>\n<\/div>\n<\/div>\n<\/div>\n<\/div>\n<\/div>\n<\/div>\n<\/div>\n<\/div>\n<\/div>\n<\/div>\n<\/div>\n<\/div>\n<\/div>\n<\/div>\n<\/div>\n<\/div>\n<\/div>\n<\/div>\n<\/div>\n<\/div>\n<\/div>\n<\/div>\n<\/div>\n<\/div>\n<\/div>\n<\/div>\n<\/div>\n<\/div>\n<\/div>\n<\/div>\n<\/div>\n<\/div>\n<\/div>\n<\/div>\n<\/div>\n<\/div>\n<\/div>\n<\/div>\n<\/div>\n<\/div>\n<\/div>\n<\/div>\n<\/div>\n<\/div>\n<\/div>\n<\/div>\n<\/div>\n<\/div>\n<\/div>\n","protected":false},"excerpt":{"rendered":"<div class=\"info-wrapper\">\n<div class=\"quality-data\">\n<div class=\"remote_entity\" data-bulkorder-entity-id=\"remote_entity\/4339\">\n<div class=\"info-wrapper\">\n<div class=\"quality-data\">\n<div class=\"remote_entity\" data-bulkorder-entity-id=\"remote_entity\/4548\">\n<p>54 %\/43 %\/3 % | Polyester\/Baumwolle\/Elastolefin | Panamabindung | 285 g\/m\u00b2<\/p>\n<\/div>\n<\/div>\n<\/div>\n<div class=\"info-wrapper downloads\"><\/div>\n<\/div>\n<\/div>\n<\/div>\n","protected":false},"featured_media":89716,"comment_status":"open","ping_status":"closed","template":"","meta":{"_acf_changed":false},"product_brand":[],"product_cat":[18],"product_tag":[],"class_list":{"0":"post-105494","1":"product","2":"type-product","3":"status-publish","4":"has-post-thumbnail","6":"product_cat-geen-categorie","7":"pa_collectie-havep-attitude-de","8":"pa_kleur-marine-de","9":"pa_kwaliteit-285-g-m-de","10":"pa_maat-d34-de","11":"pa_maat-d36-de","12":"pa_maat-d38-de","13":"pa_maat-d40-de","14":"pa_maat-d42-de","15":"pa_maat-d44-de","16":"pa_maat-d46-de","17":"pa_maat-d48-de","18":"pa_maat-d50-de","19":"pa_maat-d52-de","20":"pa_merk-havep-de","21":"pa_producttype-arbeitshose","22":"pa_samenstelling-54-43-3-polyester-baumwolle-elastolefin","24":"first","25":"instock","26":"taxable","27":"shipping-taxable","28":"purchasable","29":"product-type-variable"},"acf":[],"yoast_head":"<!-- This site is optimized with the Yoast SEO plugin v27.5 - https:\/\/yoast.com\/product\/yoast-seo-wordpress\/ -->\n<title>Havep 80298 Damenhose Attitude Indigoblau - Bestex Fabricage b.v.<\/title>\n<meta name=\"robots\" content=\"index, follow, max-snippet:-1, max-image-preview:large, max-video-preview:-1\" \/>\n<link rel=\"canonical\" href=\"https:\/\/www.bestexfabricage.nl\/de\/product\/havep-80298-damenhose-attitude-indigoblau\/\" \/>\n<meta property=\"og:locale\" content=\"de_DE\" \/>\n<meta property=\"og:type\" content=\"article\" \/>\n<meta property=\"og:title\" content=\"Havep 80298 Damenhose Attitude Indigoblau - Bestex Fabricage b.v.\" \/>\n<meta property=\"og:description\" content=\"54 %\/43 %\/3 % | Polyester\/Baumwolle\/Elastolefin | Panamabindung | 285 g\/m\u00b2\" \/>\n<meta property=\"og:url\" content=\"https:\/\/www.bestexfabricage.nl\/de\/product\/havep-80298-damenhose-attitude-indigoblau\/\" \/>\n<meta property=\"og:site_name\" content=\"Bestex Fabricage b.v.\" \/>\n<meta property=\"og:image\" content=\"https:\/\/www.bestexfabricage.nl\/wp-content\/uploads\/2023\/12\/80298418106-1.png\" \/>\n\t<meta property=\"og:image:width\" content=\"248\" \/>\n\t<meta property=\"og:image:height\" content=\"480\" \/>\n\t<meta property=\"og:image:type\" content=\"image\/png\" \/>\n<meta name=\"twitter:card\" content=\"summary_large_image\" \/>\n<meta name=\"twitter:label1\" content=\"Gesch\u00e4tzte Lesezeit\" \/>\n\t<meta name=\"twitter:data1\" content=\"1\u00a0Minute\" \/>\n<script type=\"application\/ld+json\" class=\"yoast-schema-graph\">{\"@context\":\"https:\\\/\\\/schema.org\",\"@graph\":[{\"@type\":\"WebPage\",\"@id\":\"https:\\\/\\\/www.bestexfabricage.nl\\\/de\\\/product\\\/havep-80298-damenhose-attitude-indigoblau\\\/\",\"url\":\"https:\\\/\\\/www.bestexfabricage.nl\\\/de\\\/product\\\/havep-80298-damenhose-attitude-indigoblau\\\/\",\"name\":\"Havep 80298 Damenhose Attitude Indigoblau - Bestex Fabricage b.v.\",\"isPartOf\":{\"@id\":\"https:\\\/\\\/www.bestexfabricage.nl\\\/de\\\/#website\"},\"primaryImageOfPage\":{\"@id\":\"https:\\\/\\\/www.bestexfabricage.nl\\\/de\\\/product\\\/havep-80298-damenhose-attitude-indigoblau\\\/#primaryimage\"},\"image\":{\"@id\":\"https:\\\/\\\/www.bestexfabricage.nl\\\/de\\\/product\\\/havep-80298-damenhose-attitude-indigoblau\\\/#primaryimage\"},\"thumbnailUrl\":\"https:\\\/\\\/www.bestexfabricage.nl\\\/wp-content\\\/uploads\\\/2023\\\/12\\\/80298418106-1.png\",\"datePublished\":\"2023-12-09T09:10:32+00:00\",\"breadcrumb\":{\"@id\":\"https:\\\/\\\/www.bestexfabricage.nl\\\/de\\\/product\\\/havep-80298-damenhose-attitude-indigoblau\\\/#breadcrumb\"},\"inLanguage\":\"de\",\"potentialAction\":[{\"@type\":\"ReadAction\",\"target\":[\"https:\\\/\\\/www.bestexfabricage.nl\\\/de\\\/product\\\/havep-80298-damenhose-attitude-indigoblau\\\/\"]}]},{\"@type\":\"ImageObject\",\"inLanguage\":\"de\",\"@id\":\"https:\\\/\\\/www.bestexfabricage.nl\\\/de\\\/product\\\/havep-80298-damenhose-attitude-indigoblau\\\/#primaryimage\",\"url\":\"https:\\\/\\\/www.bestexfabricage.nl\\\/wp-content\\\/uploads\\\/2023\\\/12\\\/80298418106-1.png\",\"contentUrl\":\"https:\\\/\\\/www.bestexfabricage.nl\\\/wp-content\\\/uploads\\\/2023\\\/12\\\/80298418106-1.png\",\"width\":248,\"height\":480},{\"@type\":\"BreadcrumbList\",\"@id\":\"https:\\\/\\\/www.bestexfabricage.nl\\\/de\\\/product\\\/havep-80298-damenhose-attitude-indigoblau\\\/#breadcrumb\",\"itemListElement\":[{\"@type\":\"ListItem\",\"position\":1,\"name\":\"Home\",\"item\":\"https:\\\/\\\/www.bestexfabricage.nl\\\/de\\\/\"},{\"@type\":\"ListItem\",\"position\":2,\"name\":\"Shop\",\"item\":\"https:\\\/\\\/www.bestexfabricage.nl\\\/de\\\/shop\\\/\"},{\"@type\":\"ListItem\",\"position\":3,\"name\":\"Havep 80298 Damenhose Attitude Indigoblau\"}]},{\"@type\":\"WebSite\",\"@id\":\"https:\\\/\\\/www.bestexfabricage.nl\\\/de\\\/#website\",\"url\":\"https:\\\/\\\/www.bestexfabricage.nl\\\/de\\\/\",\"name\":\"Bestex Fabricage b.v.\",\"description\":\"\",\"publisher\":{\"@id\":\"https:\\\/\\\/www.bestexfabricage.nl\\\/de\\\/#organization\"},\"potentialAction\":[{\"@type\":\"SearchAction\",\"target\":{\"@type\":\"EntryPoint\",\"urlTemplate\":\"https:\\\/\\\/www.bestexfabricage.nl\\\/de\\\/?s={search_term_string}\"},\"query-input\":{\"@type\":\"PropertyValueSpecification\",\"valueRequired\":true,\"valueName\":\"search_term_string\"}}],\"inLanguage\":\"de\"},{\"@type\":\"Organization\",\"@id\":\"https:\\\/\\\/www.bestexfabricage.nl\\\/de\\\/#organization\",\"name\":\"Bestex Fabricage b.v.\",\"url\":\"https:\\\/\\\/www.bestexfabricage.nl\\\/de\\\/\",\"logo\":{\"@type\":\"ImageObject\",\"inLanguage\":\"de\",\"@id\":\"https:\\\/\\\/www.bestexfabricage.nl\\\/de\\\/#\\\/schema\\\/logo\\\/image\\\/\",\"url\":\"https:\\\/\\\/www.bestexfabricage.nl\\\/wp-content\\\/uploads\\\/2024\\\/11\\\/BestexLogoPNG.png\",\"contentUrl\":\"https:\\\/\\\/www.bestexfabricage.nl\\\/wp-content\\\/uploads\\\/2024\\\/11\\\/BestexLogoPNG.png\",\"width\":516,\"height\":237,\"caption\":\"Bestex Fabricage b.v.\"},\"image\":{\"@id\":\"https:\\\/\\\/www.bestexfabricage.nl\\\/de\\\/#\\\/schema\\\/logo\\\/image\\\/\"}}]}<\/script>\n<!-- \/ Yoast SEO plugin. -->","yoast_head_json":{"title":"Havep 80298 Damenhose Attitude Indigoblau - Bestex Fabricage b.v.","robots":{"index":"index","follow":"follow","max-snippet":"max-snippet:-1","max-image-preview":"max-image-preview:large","max-video-preview":"max-video-preview:-1"},"canonical":"https:\/\/www.bestexfabricage.nl\/de\/product\/havep-80298-damenhose-attitude-indigoblau\/","og_locale":"de_DE","og_type":"article","og_title":"Havep 80298 Damenhose Attitude Indigoblau - Bestex Fabricage b.v.","og_description":"54 %\/43 %\/3 % | Polyester\/Baumwolle\/Elastolefin | Panamabindung | 285 g\/m\u00b2","og_url":"https:\/\/www.bestexfabricage.nl\/de\/product\/havep-80298-damenhose-attitude-indigoblau\/","og_site_name":"Bestex Fabricage b.v.","og_image":[{"width":248,"height":480,"url":"https:\/\/www.bestexfabricage.nl\/wp-content\/uploads\/2023\/12\/80298418106-1.png","type":"image\/png"}],"twitter_card":"summary_large_image","twitter_misc":{"Gesch\u00e4tzte Lesezeit":"1\u00a0Minute"},"schema":{"@context":"https:\/\/schema.org","@graph":[{"@type":"WebPage","@id":"https:\/\/www.bestexfabricage.nl\/de\/product\/havep-80298-damenhose-attitude-indigoblau\/","url":"https:\/\/www.bestexfabricage.nl\/de\/product\/havep-80298-damenhose-attitude-indigoblau\/","name":"Havep 80298 Damenhose Attitude Indigoblau - Bestex Fabricage b.v.","isPartOf":{"@id":"https:\/\/www.bestexfabricage.nl\/de\/#website"},"primaryImageOfPage":{"@id":"https:\/\/www.bestexfabricage.nl\/de\/product\/havep-80298-damenhose-attitude-indigoblau\/#primaryimage"},"image":{"@id":"https:\/\/www.bestexfabricage.nl\/de\/product\/havep-80298-damenhose-attitude-indigoblau\/#primaryimage"},"thumbnailUrl":"https:\/\/www.bestexfabricage.nl\/wp-content\/uploads\/2023\/12\/80298418106-1.png","datePublished":"2023-12-09T09:10:32+00:00","breadcrumb":{"@id":"https:\/\/www.bestexfabricage.nl\/de\/product\/havep-80298-damenhose-attitude-indigoblau\/#breadcrumb"},"inLanguage":"de","potentialAction":[{"@type":"ReadAction","target":["https:\/\/www.bestexfabricage.nl\/de\/product\/havep-80298-damenhose-attitude-indigoblau\/"]}]},{"@type":"ImageObject","inLanguage":"de","@id":"https:\/\/www.bestexfabricage.nl\/de\/product\/havep-80298-damenhose-attitude-indigoblau\/#primaryimage","url":"https:\/\/www.bestexfabricage.nl\/wp-content\/uploads\/2023\/12\/80298418106-1.png","contentUrl":"https:\/\/www.bestexfabricage.nl\/wp-content\/uploads\/2023\/12\/80298418106-1.png","width":248,"height":480},{"@type":"BreadcrumbList","@id":"https:\/\/www.bestexfabricage.nl\/de\/product\/havep-80298-damenhose-attitude-indigoblau\/#breadcrumb","itemListElement":[{"@type":"ListItem","position":1,"name":"Home","item":"https:\/\/www.bestexfabricage.nl\/de\/"},{"@type":"ListItem","position":2,"name":"Shop","item":"https:\/\/www.bestexfabricage.nl\/de\/shop\/"},{"@type":"ListItem","position":3,"name":"Havep 80298 Damenhose Attitude Indigoblau"}]},{"@type":"WebSite","@id":"https:\/\/www.bestexfabricage.nl\/de\/#website","url":"https:\/\/www.bestexfabricage.nl\/de\/","name":"Bestex Fabricage b.v.","description":"","publisher":{"@id":"https:\/\/www.bestexfabricage.nl\/de\/#organization"},"potentialAction":[{"@type":"SearchAction","target":{"@type":"EntryPoint","urlTemplate":"https:\/\/www.bestexfabricage.nl\/de\/?s={search_term_string}"},"query-input":{"@type":"PropertyValueSpecification","valueRequired":true,"valueName":"search_term_string"}}],"inLanguage":"de"},{"@type":"Organization","@id":"https:\/\/www.bestexfabricage.nl\/de\/#organization","name":"Bestex Fabricage b.v.","url":"https:\/\/www.bestexfabricage.nl\/de\/","logo":{"@type":"ImageObject","inLanguage":"de","@id":"https:\/\/www.bestexfabricage.nl\/de\/#\/schema\/logo\/image\/","url":"https:\/\/www.bestexfabricage.nl\/wp-content\/uploads\/2024\/11\/BestexLogoPNG.png","contentUrl":"https:\/\/www.bestexfabricage.nl\/wp-content\/uploads\/2024\/11\/BestexLogoPNG.png","width":516,"height":237,"caption":"Bestex Fabricage b.v."},"image":{"@id":"https:\/\/www.bestexfabricage.nl\/de\/#\/schema\/logo\/image\/"}}]}},"_links":{"self":[{"href":"https:\/\/www.bestexfabricage.nl\/de\/wp-json\/wp\/v2\/product\/105494","targetHints":{"allow":["GET"]}}],"collection":[{"href":"https:\/\/www.bestexfabricage.nl\/de\/wp-json\/wp\/v2\/product"}],"about":[{"href":"https:\/\/www.bestexfabricage.nl\/de\/wp-json\/wp\/v2\/types\/product"}],"replies":[{"embeddable":true,"href":"https:\/\/www.bestexfabricage.nl\/de\/wp-json\/wp\/v2\/comments?post=105494"}],"wp:featuredmedia":[{"embeddable":true,"href":"https:\/\/www.bestexfabricage.nl\/de\/wp-json\/wp\/v2\/media\/89716"}],"wp:attachment":[{"href":"https:\/\/www.bestexfabricage.nl\/de\/wp-json\/wp\/v2\/media?parent=105494"}],"wp:term":[{"taxonomy":"product_brand","embeddable":true,"href":"https:\/\/www.bestexfabricage.nl\/de\/wp-json\/wp\/v2\/product_brand?post=105494"},{"taxonomy":"product_cat","embeddable":true,"href":"https:\/\/www.bestexfabricage.nl\/de\/wp-json\/wp\/v2\/product_cat?post=105494"},{"taxonomy":"product_tag","embeddable":true,"href":"https:\/\/www.bestexfabricage.nl\/de\/wp-json\/wp\/v2\/product_tag?post=105494"}],"curies":[{"name":"wp","href":"https:\/\/api.w.org\/{rel}","templated":true}]}}