{"id":97773,"date":"2023-09-07T08:46:55","date_gmt":"2023-09-07T06:46:55","guid":{"rendered":"https:\/\/www.bestexfabricage.nl\/product\/arbeitshose-polyester-baumwolle-oxford-wbo6535-weiss\/"},"modified":"2023-09-07T08:46:55","modified_gmt":"2023-09-07T06:46:55","slug":"arbeitshose-polyester-baumwolle-oxford-wbo6535-weiss","status":"publish","type":"product","link":"https:\/\/www.bestexfabricage.nl\/de\/product\/arbeitshose-polyester-baumwolle-oxford-wbo6535-weiss\/","title":{"rendered":"Arbeitshose Polyester\/Baumwolle Oxford WBO6535 wei\u00df"},"content":{"rendered":"<p>Arbeitshose aus Polyester\/Baumwolle, 65% Polyester \/ 35% Baumwolle, 260 g\/m2, 2 Seitentaschen, 2 abnehmbare Vordertaschen mit Oxford-Verst\u00e4rkung, die in die Hosentasche geklappt werden k\u00f6nnen, 2 abschlie\u00dfbare Ges\u00e4\u00dftaschen, Rei\u00dfverschluss, G\u00fcrtelschlaufen, Oberschenkeltasche mit Klettverschluss, Handytasche, Zollstocktasche, Ma\u00dfbandtasche, Oxford-Knietaschen.<\/p>\n","protected":false},"excerpt":{"rendered":"<p>Arbeitshose Polyester\/Baumwolle wei\u00df Gr\u00f6\u00dfe 42<\/p>\n","protected":false},"featured_media":86929,"comment_status":"closed","ping_status":"closed","template":"","meta":{"_acf_changed":false},"product_brand":[],"product_cat":[1830,1809],"product_tag":[],"class_list":{"0":"post-97773","1":"product","2":"type-product","3":"status-publish","4":"has-post-thumbnail","6":"product_cat-arbeitshose-de","7":"product_cat-arbeitshose","8":"pa_collectie-arbeiter","9":"pa_kleur-weis","10":"pa_kwaliteit-245-g-m2","11":"pa_maat-42-de","12":"pa_maat-44-de","13":"pa_maat-46-de","14":"pa_maat-47-de","15":"pa_maat-48-de","16":"pa_maat-49-de","17":"pa_maat-50-de","18":"pa_maat-51-de","19":"pa_maat-52-de","20":"pa_maat-53-de","21":"pa_maat-54-de","22":"pa_maat-55-de","23":"pa_maat-56-de","24":"pa_maat-57-de","25":"pa_maat-58-de","26":"pa_maat-59-de","27":"pa_maat-60-de","28":"pa_maat-62-de","29":"pa_maat-64-de","30":"pa_maat-66-de","31":"pa_merk-bestex-de","32":"pa_producttype-arbeitshose","33":"pa_samenstelling-65-polyester-35-baumwolle","35":"first","36":"instock","37":"taxable","38":"shipping-taxable","39":"purchasable","40":"product-type-variable"},"acf":[],"yoast_head":"<!-- This site is optimized with the Yoast SEO plugin v27.5 - https:\/\/yoast.com\/product\/yoast-seo-wordpress\/ -->\n<title>Arbeitshose Polyester\/Baumwolle Oxford WBO6535 wei\u00df - Bestex Fabricage b.v.<\/title>\n<meta name=\"robots\" content=\"index, follow, max-snippet:-1, max-image-preview:large, max-video-preview:-1\" \/>\n<link rel=\"canonical\" href=\"https:\/\/www.bestexfabricage.nl\/de\/product\/arbeitshose-polyester-baumwolle-oxford-wbo6535-weiss\/\" \/>\n<meta property=\"og:locale\" content=\"de_DE\" \/>\n<meta property=\"og:type\" content=\"article\" \/>\n<meta property=\"og:title\" content=\"Arbeitshose Polyester\/Baumwolle Oxford WBO6535 wei\u00df - Bestex Fabricage b.v.\" \/>\n<meta property=\"og:description\" content=\"Arbeitshose Polyester\/Baumwolle wei\u00df Gr\u00f6\u00dfe 42\" \/>\n<meta property=\"og:url\" content=\"https:\/\/www.bestexfabricage.nl\/de\/product\/arbeitshose-polyester-baumwolle-oxford-wbo6535-weiss\/\" \/>\n<meta property=\"og:site_name\" content=\"Bestex Fabricage b.v.\" \/>\n<meta property=\"og:image\" content=\"https:\/\/www.bestexfabricage.nl\/wp-content\/uploads\/2023\/09\/WBO6535-WIT.jpg\" \/>\n\t<meta property=\"og:image:width\" content=\"1500\" \/>\n\t<meta property=\"og:image:height\" content=\"1500\" \/>\n\t<meta property=\"og:image:type\" content=\"image\/jpeg\" \/>\n<meta name=\"twitter:card\" content=\"summary_large_image\" \/>\n<script type=\"application\/ld+json\" class=\"yoast-schema-graph\">{\"@context\":\"https:\\\/\\\/schema.org\",\"@graph\":[{\"@type\":\"WebPage\",\"@id\":\"https:\\\/\\\/www.bestexfabricage.nl\\\/de\\\/product\\\/arbeitshose-polyester-baumwolle-oxford-wbo6535-weiss\\\/\",\"url\":\"https:\\\/\\\/www.bestexfabricage.nl\\\/de\\\/product\\\/arbeitshose-polyester-baumwolle-oxford-wbo6535-weiss\\\/\",\"name\":\"Arbeitshose Polyester\\\/Baumwolle Oxford WBO6535 wei\u00df - Bestex Fabricage b.v.\",\"isPartOf\":{\"@id\":\"https:\\\/\\\/www.bestexfabricage.nl\\\/de\\\/#website\"},\"primaryImageOfPage\":{\"@id\":\"https:\\\/\\\/www.bestexfabricage.nl\\\/de\\\/product\\\/arbeitshose-polyester-baumwolle-oxford-wbo6535-weiss\\\/#primaryimage\"},\"image\":{\"@id\":\"https:\\\/\\\/www.bestexfabricage.nl\\\/de\\\/product\\\/arbeitshose-polyester-baumwolle-oxford-wbo6535-weiss\\\/#primaryimage\"},\"thumbnailUrl\":\"https:\\\/\\\/www.bestexfabricage.nl\\\/wp-content\\\/uploads\\\/2023\\\/09\\\/WBO6535-WIT.jpg\",\"datePublished\":\"2023-09-07T06:46:55+00:00\",\"breadcrumb\":{\"@id\":\"https:\\\/\\\/www.bestexfabricage.nl\\\/de\\\/product\\\/arbeitshose-polyester-baumwolle-oxford-wbo6535-weiss\\\/#breadcrumb\"},\"inLanguage\":\"de\",\"potentialAction\":[{\"@type\":\"ReadAction\",\"target\":[\"https:\\\/\\\/www.bestexfabricage.nl\\\/de\\\/product\\\/arbeitshose-polyester-baumwolle-oxford-wbo6535-weiss\\\/\"]}]},{\"@type\":\"ImageObject\",\"inLanguage\":\"de\",\"@id\":\"https:\\\/\\\/www.bestexfabricage.nl\\\/de\\\/product\\\/arbeitshose-polyester-baumwolle-oxford-wbo6535-weiss\\\/#primaryimage\",\"url\":\"https:\\\/\\\/www.bestexfabricage.nl\\\/wp-content\\\/uploads\\\/2023\\\/09\\\/WBO6535-WIT.jpg\",\"contentUrl\":\"https:\\\/\\\/www.bestexfabricage.nl\\\/wp-content\\\/uploads\\\/2023\\\/09\\\/WBO6535-WIT.jpg\",\"width\":1500,\"height\":1500},{\"@type\":\"BreadcrumbList\",\"@id\":\"https:\\\/\\\/www.bestexfabricage.nl\\\/de\\\/product\\\/arbeitshose-polyester-baumwolle-oxford-wbo6535-weiss\\\/#breadcrumb\",\"itemListElement\":[{\"@type\":\"ListItem\",\"position\":1,\"name\":\"Home\",\"item\":\"https:\\\/\\\/www.bestexfabricage.nl\\\/de\\\/\"},{\"@type\":\"ListItem\",\"position\":2,\"name\":\"Shop\",\"item\":\"https:\\\/\\\/www.bestexfabricage.nl\\\/de\\\/shop\\\/\"},{\"@type\":\"ListItem\",\"position\":3,\"name\":\"Arbeitshose Polyester\\\/Baumwolle Oxford WBO6535 wei\u00df\"}]},{\"@type\":\"WebSite\",\"@id\":\"https:\\\/\\\/www.bestexfabricage.nl\\\/de\\\/#website\",\"url\":\"https:\\\/\\\/www.bestexfabricage.nl\\\/de\\\/\",\"name\":\"Bestex Fabricage b.v.\",\"description\":\"\",\"publisher\":{\"@id\":\"https:\\\/\\\/www.bestexfabricage.nl\\\/de\\\/#organization\"},\"potentialAction\":[{\"@type\":\"SearchAction\",\"target\":{\"@type\":\"EntryPoint\",\"urlTemplate\":\"https:\\\/\\\/www.bestexfabricage.nl\\\/de\\\/?s={search_term_string}\"},\"query-input\":{\"@type\":\"PropertyValueSpecification\",\"valueRequired\":true,\"valueName\":\"search_term_string\"}}],\"inLanguage\":\"de\"},{\"@type\":\"Organization\",\"@id\":\"https:\\\/\\\/www.bestexfabricage.nl\\\/de\\\/#organization\",\"name\":\"Bestex Fabricage b.v.\",\"url\":\"https:\\\/\\\/www.bestexfabricage.nl\\\/de\\\/\",\"logo\":{\"@type\":\"ImageObject\",\"inLanguage\":\"de\",\"@id\":\"https:\\\/\\\/www.bestexfabricage.nl\\\/de\\\/#\\\/schema\\\/logo\\\/image\\\/\",\"url\":\"https:\\\/\\\/www.bestexfabricage.nl\\\/wp-content\\\/uploads\\\/2024\\\/11\\\/BestexLogoPNG.png\",\"contentUrl\":\"https:\\\/\\\/www.bestexfabricage.nl\\\/wp-content\\\/uploads\\\/2024\\\/11\\\/BestexLogoPNG.png\",\"width\":516,\"height\":237,\"caption\":\"Bestex Fabricage b.v.\"},\"image\":{\"@id\":\"https:\\\/\\\/www.bestexfabricage.nl\\\/de\\\/#\\\/schema\\\/logo\\\/image\\\/\"}}]}<\/script>\n<!-- \/ Yoast SEO plugin. -->","yoast_head_json":{"title":"Arbeitshose Polyester\/Baumwolle Oxford WBO6535 wei\u00df - Bestex Fabricage b.v.","robots":{"index":"index","follow":"follow","max-snippet":"max-snippet:-1","max-image-preview":"max-image-preview:large","max-video-preview":"max-video-preview:-1"},"canonical":"https:\/\/www.bestexfabricage.nl\/de\/product\/arbeitshose-polyester-baumwolle-oxford-wbo6535-weiss\/","og_locale":"de_DE","og_type":"article","og_title":"Arbeitshose Polyester\/Baumwolle Oxford WBO6535 wei\u00df - Bestex Fabricage b.v.","og_description":"Arbeitshose Polyester\/Baumwolle wei\u00df Gr\u00f6\u00dfe 42","og_url":"https:\/\/www.bestexfabricage.nl\/de\/product\/arbeitshose-polyester-baumwolle-oxford-wbo6535-weiss\/","og_site_name":"Bestex Fabricage b.v.","og_image":[{"width":1500,"height":1500,"url":"https:\/\/www.bestexfabricage.nl\/wp-content\/uploads\/2023\/09\/WBO6535-WIT.jpg","type":"image\/jpeg"}],"twitter_card":"summary_large_image","schema":{"@context":"https:\/\/schema.org","@graph":[{"@type":"WebPage","@id":"https:\/\/www.bestexfabricage.nl\/de\/product\/arbeitshose-polyester-baumwolle-oxford-wbo6535-weiss\/","url":"https:\/\/www.bestexfabricage.nl\/de\/product\/arbeitshose-polyester-baumwolle-oxford-wbo6535-weiss\/","name":"Arbeitshose Polyester\/Baumwolle Oxford WBO6535 wei\u00df - Bestex Fabricage b.v.","isPartOf":{"@id":"https:\/\/www.bestexfabricage.nl\/de\/#website"},"primaryImageOfPage":{"@id":"https:\/\/www.bestexfabricage.nl\/de\/product\/arbeitshose-polyester-baumwolle-oxford-wbo6535-weiss\/#primaryimage"},"image":{"@id":"https:\/\/www.bestexfabricage.nl\/de\/product\/arbeitshose-polyester-baumwolle-oxford-wbo6535-weiss\/#primaryimage"},"thumbnailUrl":"https:\/\/www.bestexfabricage.nl\/wp-content\/uploads\/2023\/09\/WBO6535-WIT.jpg","datePublished":"2023-09-07T06:46:55+00:00","breadcrumb":{"@id":"https:\/\/www.bestexfabricage.nl\/de\/product\/arbeitshose-polyester-baumwolle-oxford-wbo6535-weiss\/#breadcrumb"},"inLanguage":"de","potentialAction":[{"@type":"ReadAction","target":["https:\/\/www.bestexfabricage.nl\/de\/product\/arbeitshose-polyester-baumwolle-oxford-wbo6535-weiss\/"]}]},{"@type":"ImageObject","inLanguage":"de","@id":"https:\/\/www.bestexfabricage.nl\/de\/product\/arbeitshose-polyester-baumwolle-oxford-wbo6535-weiss\/#primaryimage","url":"https:\/\/www.bestexfabricage.nl\/wp-content\/uploads\/2023\/09\/WBO6535-WIT.jpg","contentUrl":"https:\/\/www.bestexfabricage.nl\/wp-content\/uploads\/2023\/09\/WBO6535-WIT.jpg","width":1500,"height":1500},{"@type":"BreadcrumbList","@id":"https:\/\/www.bestexfabricage.nl\/de\/product\/arbeitshose-polyester-baumwolle-oxford-wbo6535-weiss\/#breadcrumb","itemListElement":[{"@type":"ListItem","position":1,"name":"Home","item":"https:\/\/www.bestexfabricage.nl\/de\/"},{"@type":"ListItem","position":2,"name":"Shop","item":"https:\/\/www.bestexfabricage.nl\/de\/shop\/"},{"@type":"ListItem","position":3,"name":"Arbeitshose Polyester\/Baumwolle Oxford WBO6535 wei\u00df"}]},{"@type":"WebSite","@id":"https:\/\/www.bestexfabricage.nl\/de\/#website","url":"https:\/\/www.bestexfabricage.nl\/de\/","name":"Bestex Fabricage b.v.","description":"","publisher":{"@id":"https:\/\/www.bestexfabricage.nl\/de\/#organization"},"potentialAction":[{"@type":"SearchAction","target":{"@type":"EntryPoint","urlTemplate":"https:\/\/www.bestexfabricage.nl\/de\/?s={search_term_string}"},"query-input":{"@type":"PropertyValueSpecification","valueRequired":true,"valueName":"search_term_string"}}],"inLanguage":"de"},{"@type":"Organization","@id":"https:\/\/www.bestexfabricage.nl\/de\/#organization","name":"Bestex Fabricage b.v.","url":"https:\/\/www.bestexfabricage.nl\/de\/","logo":{"@type":"ImageObject","inLanguage":"de","@id":"https:\/\/www.bestexfabricage.nl\/de\/#\/schema\/logo\/image\/","url":"https:\/\/www.bestexfabricage.nl\/wp-content\/uploads\/2024\/11\/BestexLogoPNG.png","contentUrl":"https:\/\/www.bestexfabricage.nl\/wp-content\/uploads\/2024\/11\/BestexLogoPNG.png","width":516,"height":237,"caption":"Bestex Fabricage b.v."},"image":{"@id":"https:\/\/www.bestexfabricage.nl\/de\/#\/schema\/logo\/image\/"}}]}},"_links":{"self":[{"href":"https:\/\/www.bestexfabricage.nl\/de\/wp-json\/wp\/v2\/product\/97773","targetHints":{"allow":["GET"]}}],"collection":[{"href":"https:\/\/www.bestexfabricage.nl\/de\/wp-json\/wp\/v2\/product"}],"about":[{"href":"https:\/\/www.bestexfabricage.nl\/de\/wp-json\/wp\/v2\/types\/product"}],"replies":[{"embeddable":true,"href":"https:\/\/www.bestexfabricage.nl\/de\/wp-json\/wp\/v2\/comments?post=97773"}],"wp:featuredmedia":[{"embeddable":true,"href":"https:\/\/www.bestexfabricage.nl\/de\/wp-json\/wp\/v2\/media\/86929"}],"wp:attachment":[{"href":"https:\/\/www.bestexfabricage.nl\/de\/wp-json\/wp\/v2\/media?parent=97773"}],"wp:term":[{"taxonomy":"product_brand","embeddable":true,"href":"https:\/\/www.bestexfabricage.nl\/de\/wp-json\/wp\/v2\/product_brand?post=97773"},{"taxonomy":"product_cat","embeddable":true,"href":"https:\/\/www.bestexfabricage.nl\/de\/wp-json\/wp\/v2\/product_cat?post=97773"},{"taxonomy":"product_tag","embeddable":true,"href":"https:\/\/www.bestexfabricage.nl\/de\/wp-json\/wp\/v2\/product_tag?post=97773"}],"curies":[{"name":"wp","href":"https:\/\/api.w.org\/{rel}","templated":true}]}}