{"id":98555,"date":"2023-09-06T21:51:00","date_gmt":"2023-09-06T19:51:00","guid":{"rendered":"https:\/\/www.bestexfabricage.nl\/product\/amk100-gartenhosen-100-baumwolle-amk100-flaschengruen\/"},"modified":"2025-07-22T10:00:42","modified_gmt":"2025-07-22T08:00:42","slug":"amk100-gartenhosen-100-baumwolle-amk100-flaschengruen","status":"publish","type":"product","link":"https:\/\/www.bestexfabricage.nl\/de\/product\/amk100-gartenhosen-100-baumwolle-amk100-flaschengruen\/","title":{"rendered":"Amk100 Gartenhosen 100% Baumwolle AMK100 flaschengr\u00fcn"},"content":{"rendered":"<p>Gartenhose 100% Baumwolle, 300 g\/qm, 1 gro\u00dfe Brusttasche mit Druckknopfverschluss, 2 Seitentaschen, 2 Leistentaschen, Ges\u00e4\u00dftasche und Ma\u00dfstabtasche<\/p>\n","protected":false},"excerpt":{"rendered":"<p>Hose 100% Baumwolle flaschengr\u00fcn Gr\u00f6\u00dfe 44<\/p>\n","protected":false},"featured_media":86799,"comment_status":"closed","ping_status":"closed","template":"","meta":{"_acf_changed":false},"product_brand":[],"product_cat":[1698,1755],"product_tag":[],"class_list":{"0":"post-98555","1":"product","2":"type-product","3":"status-publish","4":"has-post-thumbnail","6":"product_cat-arbeitsoverall","7":"product_cat-hosen","8":"pa_collectie-grundlegend","9":"pa_kleur-flasche-grun","10":"pa_kwaliteit-300-g-m2-de","11":"pa_maat-164-de","12":"pa_maat-44-de","13":"pa_maat-46-de","14":"pa_maat-48-de","15":"pa_maat-50-de","16":"pa_maat-52-de","17":"pa_maat-54-de","18":"pa_maat-56-de","19":"pa_maat-58-de","20":"pa_maat-60-de","21":"pa_maat-62-de","22":"pa_maat-64-de","23":"pa_maat-66-de","24":"pa_maat-68-de","25":"pa_merk-bestex-de","26":"pa_producttype-hosen","27":"pa_samenstelling-100-baumwolle","29":"first","30":"instock","31":"taxable","32":"shipping-taxable","33":"purchasable","34":"product-type-variable"},"acf":[],"yoast_head":"<!-- This site is optimized with the Yoast SEO plugin v27.5 - https:\/\/yoast.com\/product\/yoast-seo-wordpress\/ -->\n<title>Amk100 Gartenhosen 100% Baumwolle AMK100 flaschengr\u00fcn - Bestex Fabricage b.v.<\/title>\n<meta name=\"robots\" content=\"index, follow, max-snippet:-1, max-image-preview:large, max-video-preview:-1\" \/>\n<link rel=\"canonical\" href=\"https:\/\/www.bestexfabricage.nl\/de\/product\/amk100-gartenhosen-100-baumwolle-amk100-flaschengruen\/\" \/>\n<meta property=\"og:locale\" content=\"de_DE\" \/>\n<meta property=\"og:type\" content=\"article\" \/>\n<meta property=\"og:title\" content=\"Amk100 Gartenhosen 100% Baumwolle AMK100 flaschengr\u00fcn - Bestex Fabricage b.v.\" \/>\n<meta property=\"og:description\" content=\"Hose 100% Baumwolle flaschengr\u00fcn Gr\u00f6\u00dfe 44\" \/>\n<meta property=\"og:url\" content=\"https:\/\/www.bestexfabricage.nl\/de\/product\/amk100-gartenhosen-100-baumwolle-amk100-flaschengruen\/\" \/>\n<meta property=\"og:site_name\" content=\"Bestex Fabricage b.v.\" \/>\n<meta property=\"article:modified_time\" content=\"2025-07-22T08:00:42+00:00\" \/>\n<meta property=\"og:image\" content=\"https:\/\/www.bestexfabricage.nl\/wp-content\/uploads\/2023\/09\/AMK100-FLGROEN.jpg\" \/>\n\t<meta property=\"og:image:width\" content=\"1500\" \/>\n\t<meta property=\"og:image:height\" content=\"1500\" \/>\n\t<meta property=\"og:image:type\" content=\"image\/jpeg\" \/>\n<meta name=\"twitter:card\" content=\"summary_large_image\" \/>\n<script type=\"application\/ld+json\" class=\"yoast-schema-graph\">{\"@context\":\"https:\\\/\\\/schema.org\",\"@graph\":[{\"@type\":\"WebPage\",\"@id\":\"https:\\\/\\\/www.bestexfabricage.nl\\\/de\\\/product\\\/amk100-gartenhosen-100-baumwolle-amk100-flaschengruen\\\/\",\"url\":\"https:\\\/\\\/www.bestexfabricage.nl\\\/de\\\/product\\\/amk100-gartenhosen-100-baumwolle-amk100-flaschengruen\\\/\",\"name\":\"Amk100 Gartenhosen 100% Baumwolle AMK100 flaschengr\u00fcn - Bestex Fabricage b.v.\",\"isPartOf\":{\"@id\":\"https:\\\/\\\/www.bestexfabricage.nl\\\/de\\\/#website\"},\"primaryImageOfPage\":{\"@id\":\"https:\\\/\\\/www.bestexfabricage.nl\\\/de\\\/product\\\/amk100-gartenhosen-100-baumwolle-amk100-flaschengruen\\\/#primaryimage\"},\"image\":{\"@id\":\"https:\\\/\\\/www.bestexfabricage.nl\\\/de\\\/product\\\/amk100-gartenhosen-100-baumwolle-amk100-flaschengruen\\\/#primaryimage\"},\"thumbnailUrl\":\"https:\\\/\\\/www.bestexfabricage.nl\\\/wp-content\\\/uploads\\\/2023\\\/09\\\/AMK100-FLGROEN.jpg\",\"datePublished\":\"2023-09-06T19:51:00+00:00\",\"dateModified\":\"2025-07-22T08:00:42+00:00\",\"breadcrumb\":{\"@id\":\"https:\\\/\\\/www.bestexfabricage.nl\\\/de\\\/product\\\/amk100-gartenhosen-100-baumwolle-amk100-flaschengruen\\\/#breadcrumb\"},\"inLanguage\":\"de\",\"potentialAction\":[{\"@type\":\"ReadAction\",\"target\":[\"https:\\\/\\\/www.bestexfabricage.nl\\\/de\\\/product\\\/amk100-gartenhosen-100-baumwolle-amk100-flaschengruen\\\/\"]}]},{\"@type\":\"ImageObject\",\"inLanguage\":\"de\",\"@id\":\"https:\\\/\\\/www.bestexfabricage.nl\\\/de\\\/product\\\/amk100-gartenhosen-100-baumwolle-amk100-flaschengruen\\\/#primaryimage\",\"url\":\"https:\\\/\\\/www.bestexfabricage.nl\\\/wp-content\\\/uploads\\\/2023\\\/09\\\/AMK100-FLGROEN.jpg\",\"contentUrl\":\"https:\\\/\\\/www.bestexfabricage.nl\\\/wp-content\\\/uploads\\\/2023\\\/09\\\/AMK100-FLGROEN.jpg\",\"width\":1500,\"height\":1500},{\"@type\":\"BreadcrumbList\",\"@id\":\"https:\\\/\\\/www.bestexfabricage.nl\\\/de\\\/product\\\/amk100-gartenhosen-100-baumwolle-amk100-flaschengruen\\\/#breadcrumb\",\"itemListElement\":[{\"@type\":\"ListItem\",\"position\":1,\"name\":\"Home\",\"item\":\"https:\\\/\\\/www.bestexfabricage.nl\\\/de\\\/\"},{\"@type\":\"ListItem\",\"position\":2,\"name\":\"Shop\",\"item\":\"https:\\\/\\\/www.bestexfabricage.nl\\\/de\\\/shop\\\/\"},{\"@type\":\"ListItem\",\"position\":3,\"name\":\"Amk100 Gartenhosen 100% Baumwolle AMK100 flaschengr\u00fcn\"}]},{\"@type\":\"WebSite\",\"@id\":\"https:\\\/\\\/www.bestexfabricage.nl\\\/de\\\/#website\",\"url\":\"https:\\\/\\\/www.bestexfabricage.nl\\\/de\\\/\",\"name\":\"Bestex Fabricage b.v.\",\"description\":\"\",\"publisher\":{\"@id\":\"https:\\\/\\\/www.bestexfabricage.nl\\\/de\\\/#organization\"},\"potentialAction\":[{\"@type\":\"SearchAction\",\"target\":{\"@type\":\"EntryPoint\",\"urlTemplate\":\"https:\\\/\\\/www.bestexfabricage.nl\\\/de\\\/?s={search_term_string}\"},\"query-input\":{\"@type\":\"PropertyValueSpecification\",\"valueRequired\":true,\"valueName\":\"search_term_string\"}}],\"inLanguage\":\"de\"},{\"@type\":\"Organization\",\"@id\":\"https:\\\/\\\/www.bestexfabricage.nl\\\/de\\\/#organization\",\"name\":\"Bestex Fabricage b.v.\",\"url\":\"https:\\\/\\\/www.bestexfabricage.nl\\\/de\\\/\",\"logo\":{\"@type\":\"ImageObject\",\"inLanguage\":\"de\",\"@id\":\"https:\\\/\\\/www.bestexfabricage.nl\\\/de\\\/#\\\/schema\\\/logo\\\/image\\\/\",\"url\":\"https:\\\/\\\/www.bestexfabricage.nl\\\/wp-content\\\/uploads\\\/2024\\\/11\\\/BestexLogoPNG.png\",\"contentUrl\":\"https:\\\/\\\/www.bestexfabricage.nl\\\/wp-content\\\/uploads\\\/2024\\\/11\\\/BestexLogoPNG.png\",\"width\":516,\"height\":237,\"caption\":\"Bestex Fabricage b.v.\"},\"image\":{\"@id\":\"https:\\\/\\\/www.bestexfabricage.nl\\\/de\\\/#\\\/schema\\\/logo\\\/image\\\/\"}}]}<\/script>\n<!-- \/ Yoast SEO plugin. -->","yoast_head_json":{"title":"Amk100 Gartenhosen 100% Baumwolle AMK100 flaschengr\u00fcn - Bestex Fabricage b.v.","robots":{"index":"index","follow":"follow","max-snippet":"max-snippet:-1","max-image-preview":"max-image-preview:large","max-video-preview":"max-video-preview:-1"},"canonical":"https:\/\/www.bestexfabricage.nl\/de\/product\/amk100-gartenhosen-100-baumwolle-amk100-flaschengruen\/","og_locale":"de_DE","og_type":"article","og_title":"Amk100 Gartenhosen 100% Baumwolle AMK100 flaschengr\u00fcn - Bestex Fabricage b.v.","og_description":"Hose 100% Baumwolle flaschengr\u00fcn Gr\u00f6\u00dfe 44","og_url":"https:\/\/www.bestexfabricage.nl\/de\/product\/amk100-gartenhosen-100-baumwolle-amk100-flaschengruen\/","og_site_name":"Bestex Fabricage b.v.","article_modified_time":"2025-07-22T08:00:42+00:00","og_image":[{"width":1500,"height":1500,"url":"https:\/\/www.bestexfabricage.nl\/wp-content\/uploads\/2023\/09\/AMK100-FLGROEN.jpg","type":"image\/jpeg"}],"twitter_card":"summary_large_image","schema":{"@context":"https:\/\/schema.org","@graph":[{"@type":"WebPage","@id":"https:\/\/www.bestexfabricage.nl\/de\/product\/amk100-gartenhosen-100-baumwolle-amk100-flaschengruen\/","url":"https:\/\/www.bestexfabricage.nl\/de\/product\/amk100-gartenhosen-100-baumwolle-amk100-flaschengruen\/","name":"Amk100 Gartenhosen 100% Baumwolle AMK100 flaschengr\u00fcn - Bestex Fabricage b.v.","isPartOf":{"@id":"https:\/\/www.bestexfabricage.nl\/de\/#website"},"primaryImageOfPage":{"@id":"https:\/\/www.bestexfabricage.nl\/de\/product\/amk100-gartenhosen-100-baumwolle-amk100-flaschengruen\/#primaryimage"},"image":{"@id":"https:\/\/www.bestexfabricage.nl\/de\/product\/amk100-gartenhosen-100-baumwolle-amk100-flaschengruen\/#primaryimage"},"thumbnailUrl":"https:\/\/www.bestexfabricage.nl\/wp-content\/uploads\/2023\/09\/AMK100-FLGROEN.jpg","datePublished":"2023-09-06T19:51:00+00:00","dateModified":"2025-07-22T08:00:42+00:00","breadcrumb":{"@id":"https:\/\/www.bestexfabricage.nl\/de\/product\/amk100-gartenhosen-100-baumwolle-amk100-flaschengruen\/#breadcrumb"},"inLanguage":"de","potentialAction":[{"@type":"ReadAction","target":["https:\/\/www.bestexfabricage.nl\/de\/product\/amk100-gartenhosen-100-baumwolle-amk100-flaschengruen\/"]}]},{"@type":"ImageObject","inLanguage":"de","@id":"https:\/\/www.bestexfabricage.nl\/de\/product\/amk100-gartenhosen-100-baumwolle-amk100-flaschengruen\/#primaryimage","url":"https:\/\/www.bestexfabricage.nl\/wp-content\/uploads\/2023\/09\/AMK100-FLGROEN.jpg","contentUrl":"https:\/\/www.bestexfabricage.nl\/wp-content\/uploads\/2023\/09\/AMK100-FLGROEN.jpg","width":1500,"height":1500},{"@type":"BreadcrumbList","@id":"https:\/\/www.bestexfabricage.nl\/de\/product\/amk100-gartenhosen-100-baumwolle-amk100-flaschengruen\/#breadcrumb","itemListElement":[{"@type":"ListItem","position":1,"name":"Home","item":"https:\/\/www.bestexfabricage.nl\/de\/"},{"@type":"ListItem","position":2,"name":"Shop","item":"https:\/\/www.bestexfabricage.nl\/de\/shop\/"},{"@type":"ListItem","position":3,"name":"Amk100 Gartenhosen 100% Baumwolle AMK100 flaschengr\u00fcn"}]},{"@type":"WebSite","@id":"https:\/\/www.bestexfabricage.nl\/de\/#website","url":"https:\/\/www.bestexfabricage.nl\/de\/","name":"Bestex Fabricage b.v.","description":"","publisher":{"@id":"https:\/\/www.bestexfabricage.nl\/de\/#organization"},"potentialAction":[{"@type":"SearchAction","target":{"@type":"EntryPoint","urlTemplate":"https:\/\/www.bestexfabricage.nl\/de\/?s={search_term_string}"},"query-input":{"@type":"PropertyValueSpecification","valueRequired":true,"valueName":"search_term_string"}}],"inLanguage":"de"},{"@type":"Organization","@id":"https:\/\/www.bestexfabricage.nl\/de\/#organization","name":"Bestex Fabricage b.v.","url":"https:\/\/www.bestexfabricage.nl\/de\/","logo":{"@type":"ImageObject","inLanguage":"de","@id":"https:\/\/www.bestexfabricage.nl\/de\/#\/schema\/logo\/image\/","url":"https:\/\/www.bestexfabricage.nl\/wp-content\/uploads\/2024\/11\/BestexLogoPNG.png","contentUrl":"https:\/\/www.bestexfabricage.nl\/wp-content\/uploads\/2024\/11\/BestexLogoPNG.png","width":516,"height":237,"caption":"Bestex Fabricage b.v."},"image":{"@id":"https:\/\/www.bestexfabricage.nl\/de\/#\/schema\/logo\/image\/"}}]}},"_links":{"self":[{"href":"https:\/\/www.bestexfabricage.nl\/de\/wp-json\/wp\/v2\/product\/98555","targetHints":{"allow":["GET"]}}],"collection":[{"href":"https:\/\/www.bestexfabricage.nl\/de\/wp-json\/wp\/v2\/product"}],"about":[{"href":"https:\/\/www.bestexfabricage.nl\/de\/wp-json\/wp\/v2\/types\/product"}],"replies":[{"embeddable":true,"href":"https:\/\/www.bestexfabricage.nl\/de\/wp-json\/wp\/v2\/comments?post=98555"}],"wp:featuredmedia":[{"embeddable":true,"href":"https:\/\/www.bestexfabricage.nl\/de\/wp-json\/wp\/v2\/media\/86799"}],"wp:attachment":[{"href":"https:\/\/www.bestexfabricage.nl\/de\/wp-json\/wp\/v2\/media?parent=98555"}],"wp:term":[{"taxonomy":"product_brand","embeddable":true,"href":"https:\/\/www.bestexfabricage.nl\/de\/wp-json\/wp\/v2\/product_brand?post=98555"},{"taxonomy":"product_cat","embeddable":true,"href":"https:\/\/www.bestexfabricage.nl\/de\/wp-json\/wp\/v2\/product_cat?post=98555"},{"taxonomy":"product_tag","embeddable":true,"href":"https:\/\/www.bestexfabricage.nl\/de\/wp-json\/wp\/v2\/product_tag?post=98555"}],"curies":[{"name":"wp","href":"https:\/\/api.w.org\/{rel}","templated":true}]}}