{"id":117623,"date":"2023-09-07T08:43:31","date_gmt":"2023-09-07T06:43:31","guid":{"rendered":"https:\/\/www.bestexfabricage.nl\/product\/salopette-de-jardin-coton-polyester-tbc6040-gris-noir\/"},"modified":"2023-09-07T08:43:31","modified_gmt":"2023-09-07T06:43:31","slug":"salopette-de-jardin-coton-polyester-tbc6040-gris-noir","status":"publish","type":"product","link":"https:\/\/www.bestexfabricage.nl\/fr\/product\/salopette-de-jardin-coton-polyester-tbc6040-gris-noir\/","title":{"rendered":"Salopette De Jardin Coton\/Polyester TBC6040 gris\/noir"},"content":{"rendered":"<p>Salopette De Jardin 60% coton \/ 40% polyester, 280 grammes par m\u00b2. 2 poches lat\u00e9rales, 2 empi\u00e8cements refermables, poche jambe, grande poche poitrine refermable, poches genoux en Cordura, poche m\u00e8tre ruban, poche m\u00e8tre <\/p>\n<p><a href=\"https:\/\/www.bestexfabricage.nl\/wp-content\/uploads\/2023\/09\/Productblad-Tuinbroek-KatoenPolyester-TBC6040.pdf\">Cliquez ici pour la fiche produit<\/a><\/p>\n","protected":false},"excerpt":{"rendered":"<p>Salopette De Jardin Coton\/Polyester TBC6040 gris\/noir<\/p>\n","protected":false},"featured_media":117624,"comment_status":"closed","ping_status":"closed","template":"","meta":{"_acf_changed":false},"product_brand":[],"product_cat":[2244,2286],"product_tag":[],"class_list":{"0":"post-117623","1":"product","2":"type-product","3":"status-publish","4":"has-post-thumbnail","6":"product_cat-combinaison","7":"product_cat-salopette-de-jardin","8":"pa_collectie-worker-fr","9":"pa_kleur-gris","10":"pa_kwaliteit-280-gr-m2-fr-2","11":"pa_maat-38-fr","12":"pa_maat-40-fr","13":"pa_maat-42-fr","14":"pa_maat-44-fr","15":"pa_maat-46-fr","16":"pa_maat-48-fr","17":"pa_maat-50-fr","18":"pa_maat-52-fr","19":"pa_maat-54-fr","20":"pa_maat-56-fr","21":"pa_maat-58-fr","22":"pa_maat-60-fr","23":"pa_maat-62-fr","24":"pa_maat-64-fr","25":"pa_maat-66-fr","26":"pa_maat-68-fr","27":"pa_merk-bestex-fr","28":"pa_producttype-salopette-de-jardin","29":"pa_samenstelling-60-coton-40-polyester","31":"first","32":"instock","33":"taxable","34":"shipping-taxable","35":"purchasable","36":"product-type-variable"},"acf":[],"yoast_head":"<!-- This site is optimized with the Yoast SEO plugin v27.5 - https:\/\/yoast.com\/product\/yoast-seo-wordpress\/ -->\n<title>Salopette De Jardin Coton\/Polyester TBC6040 gris\/noir - Bestex Fabricage b.v.<\/title>\n<meta name=\"robots\" content=\"index, follow, max-snippet:-1, max-image-preview:large, max-video-preview:-1\" \/>\n<link rel=\"canonical\" href=\"https:\/\/www.bestexfabricage.nl\/fr\/product\/salopette-de-jardin-coton-polyester-tbc6040-gris-noir\/\" \/>\n<meta property=\"og:locale\" content=\"fr_FR\" \/>\n<meta property=\"og:type\" content=\"article\" \/>\n<meta property=\"og:title\" content=\"Salopette De Jardin Coton\/Polyester TBC6040 gris\/noir - Bestex Fabricage b.v.\" \/>\n<meta property=\"og:description\" content=\"Salopette De Jardin Coton\/Polyester TBC6040 gris\/noir\" \/>\n<meta property=\"og:url\" content=\"https:\/\/www.bestexfabricage.nl\/fr\/product\/salopette-de-jardin-coton-polyester-tbc6040-gris-noir\/\" \/>\n<meta property=\"og:site_name\" content=\"Bestex Fabricage b.v.\" \/>\n<meta property=\"og:image\" content=\"https:\/\/www.bestexfabricage.nl\/wp-content\/uploads\/2023\/09\/TBC6040-GRZWT.jpg\" \/>\n\t<meta property=\"og:image:width\" content=\"1500\" \/>\n\t<meta property=\"og:image:height\" content=\"1500\" \/>\n\t<meta property=\"og:image:type\" content=\"image\/jpeg\" \/>\n<meta name=\"twitter:card\" content=\"summary_large_image\" \/>\n<script type=\"application\/ld+json\" class=\"yoast-schema-graph\">{\"@context\":\"https:\\\/\\\/schema.org\",\"@graph\":[{\"@type\":\"WebPage\",\"@id\":\"https:\\\/\\\/www.bestexfabricage.nl\\\/fr\\\/product\\\/salopette-de-jardin-coton-polyester-tbc6040-gris-noir\\\/\",\"url\":\"https:\\\/\\\/www.bestexfabricage.nl\\\/fr\\\/product\\\/salopette-de-jardin-coton-polyester-tbc6040-gris-noir\\\/\",\"name\":\"Salopette De Jardin Coton\\\/Polyester TBC6040 gris\\\/noir - Bestex Fabricage b.v.\",\"isPartOf\":{\"@id\":\"https:\\\/\\\/www.bestexfabricage.nl\\\/fr\\\/#website\"},\"primaryImageOfPage\":{\"@id\":\"https:\\\/\\\/www.bestexfabricage.nl\\\/fr\\\/product\\\/salopette-de-jardin-coton-polyester-tbc6040-gris-noir\\\/#primaryimage\"},\"image\":{\"@id\":\"https:\\\/\\\/www.bestexfabricage.nl\\\/fr\\\/product\\\/salopette-de-jardin-coton-polyester-tbc6040-gris-noir\\\/#primaryimage\"},\"thumbnailUrl\":\"https:\\\/\\\/www.bestexfabricage.nl\\\/wp-content\\\/uploads\\\/2023\\\/09\\\/TBC6040-GRZWT.jpg\",\"datePublished\":\"2023-09-07T06:43:31+00:00\",\"breadcrumb\":{\"@id\":\"https:\\\/\\\/www.bestexfabricage.nl\\\/fr\\\/product\\\/salopette-de-jardin-coton-polyester-tbc6040-gris-noir\\\/#breadcrumb\"},\"inLanguage\":\"fr-FR\",\"potentialAction\":[{\"@type\":\"ReadAction\",\"target\":[\"https:\\\/\\\/www.bestexfabricage.nl\\\/fr\\\/product\\\/salopette-de-jardin-coton-polyester-tbc6040-gris-noir\\\/\"]}]},{\"@type\":\"ImageObject\",\"inLanguage\":\"fr-FR\",\"@id\":\"https:\\\/\\\/www.bestexfabricage.nl\\\/fr\\\/product\\\/salopette-de-jardin-coton-polyester-tbc6040-gris-noir\\\/#primaryimage\",\"url\":\"https:\\\/\\\/www.bestexfabricage.nl\\\/wp-content\\\/uploads\\\/2023\\\/09\\\/TBC6040-GRZWT.jpg\",\"contentUrl\":\"https:\\\/\\\/www.bestexfabricage.nl\\\/wp-content\\\/uploads\\\/2023\\\/09\\\/TBC6040-GRZWT.jpg\",\"width\":1500,\"height\":1500},{\"@type\":\"BreadcrumbList\",\"@id\":\"https:\\\/\\\/www.bestexfabricage.nl\\\/fr\\\/product\\\/salopette-de-jardin-coton-polyester-tbc6040-gris-noir\\\/#breadcrumb\",\"itemListElement\":[{\"@type\":\"ListItem\",\"position\":1,\"name\":\"Home\",\"item\":\"https:\\\/\\\/www.bestexfabricage.nl\\\/fr\\\/\"},{\"@type\":\"ListItem\",\"position\":2,\"name\":\"Boutique\",\"item\":\"https:\\\/\\\/www.bestexfabricage.nl\\\/boutique\\\/\"},{\"@type\":\"ListItem\",\"position\":3,\"name\":\"Salopette De Jardin Coton\\\/Polyester TBC6040 gris\\\/noir\"}]},{\"@type\":\"WebSite\",\"@id\":\"https:\\\/\\\/www.bestexfabricage.nl\\\/fr\\\/#website\",\"url\":\"https:\\\/\\\/www.bestexfabricage.nl\\\/fr\\\/\",\"name\":\"Bestex Fabricage b.v.\",\"description\":\"\",\"publisher\":{\"@id\":\"https:\\\/\\\/www.bestexfabricage.nl\\\/fr\\\/#organization\"},\"potentialAction\":[{\"@type\":\"SearchAction\",\"target\":{\"@type\":\"EntryPoint\",\"urlTemplate\":\"https:\\\/\\\/www.bestexfabricage.nl\\\/fr\\\/?s={search_term_string}\"},\"query-input\":{\"@type\":\"PropertyValueSpecification\",\"valueRequired\":true,\"valueName\":\"search_term_string\"}}],\"inLanguage\":\"fr-FR\"},{\"@type\":\"Organization\",\"@id\":\"https:\\\/\\\/www.bestexfabricage.nl\\\/fr\\\/#organization\",\"name\":\"Bestex Fabricage b.v.\",\"url\":\"https:\\\/\\\/www.bestexfabricage.nl\\\/fr\\\/\",\"logo\":{\"@type\":\"ImageObject\",\"inLanguage\":\"fr-FR\",\"@id\":\"https:\\\/\\\/www.bestexfabricage.nl\\\/fr\\\/#\\\/schema\\\/logo\\\/image\\\/\",\"url\":\"https:\\\/\\\/www.bestexfabricage.nl\\\/wp-content\\\/uploads\\\/2024\\\/11\\\/BestexLogoPNG.png\",\"contentUrl\":\"https:\\\/\\\/www.bestexfabricage.nl\\\/wp-content\\\/uploads\\\/2024\\\/11\\\/BestexLogoPNG.png\",\"width\":516,\"height\":237,\"caption\":\"Bestex Fabricage b.v.\"},\"image\":{\"@id\":\"https:\\\/\\\/www.bestexfabricage.nl\\\/fr\\\/#\\\/schema\\\/logo\\\/image\\\/\"}}]}<\/script>\n<!-- \/ Yoast SEO plugin. -->","yoast_head_json":{"title":"Salopette De Jardin Coton\/Polyester TBC6040 gris\/noir - Bestex Fabricage b.v.","robots":{"index":"index","follow":"follow","max-snippet":"max-snippet:-1","max-image-preview":"max-image-preview:large","max-video-preview":"max-video-preview:-1"},"canonical":"https:\/\/www.bestexfabricage.nl\/fr\/product\/salopette-de-jardin-coton-polyester-tbc6040-gris-noir\/","og_locale":"fr_FR","og_type":"article","og_title":"Salopette De Jardin Coton\/Polyester TBC6040 gris\/noir - Bestex Fabricage b.v.","og_description":"Salopette De Jardin Coton\/Polyester TBC6040 gris\/noir","og_url":"https:\/\/www.bestexfabricage.nl\/fr\/product\/salopette-de-jardin-coton-polyester-tbc6040-gris-noir\/","og_site_name":"Bestex Fabricage b.v.","og_image":[{"width":1500,"height":1500,"url":"https:\/\/www.bestexfabricage.nl\/wp-content\/uploads\/2023\/09\/TBC6040-GRZWT.jpg","type":"image\/jpeg"}],"twitter_card":"summary_large_image","schema":{"@context":"https:\/\/schema.org","@graph":[{"@type":"WebPage","@id":"https:\/\/www.bestexfabricage.nl\/fr\/product\/salopette-de-jardin-coton-polyester-tbc6040-gris-noir\/","url":"https:\/\/www.bestexfabricage.nl\/fr\/product\/salopette-de-jardin-coton-polyester-tbc6040-gris-noir\/","name":"Salopette De Jardin Coton\/Polyester TBC6040 gris\/noir - Bestex Fabricage b.v.","isPartOf":{"@id":"https:\/\/www.bestexfabricage.nl\/fr\/#website"},"primaryImageOfPage":{"@id":"https:\/\/www.bestexfabricage.nl\/fr\/product\/salopette-de-jardin-coton-polyester-tbc6040-gris-noir\/#primaryimage"},"image":{"@id":"https:\/\/www.bestexfabricage.nl\/fr\/product\/salopette-de-jardin-coton-polyester-tbc6040-gris-noir\/#primaryimage"},"thumbnailUrl":"https:\/\/www.bestexfabricage.nl\/wp-content\/uploads\/2023\/09\/TBC6040-GRZWT.jpg","datePublished":"2023-09-07T06:43:31+00:00","breadcrumb":{"@id":"https:\/\/www.bestexfabricage.nl\/fr\/product\/salopette-de-jardin-coton-polyester-tbc6040-gris-noir\/#breadcrumb"},"inLanguage":"fr-FR","potentialAction":[{"@type":"ReadAction","target":["https:\/\/www.bestexfabricage.nl\/fr\/product\/salopette-de-jardin-coton-polyester-tbc6040-gris-noir\/"]}]},{"@type":"ImageObject","inLanguage":"fr-FR","@id":"https:\/\/www.bestexfabricage.nl\/fr\/product\/salopette-de-jardin-coton-polyester-tbc6040-gris-noir\/#primaryimage","url":"https:\/\/www.bestexfabricage.nl\/wp-content\/uploads\/2023\/09\/TBC6040-GRZWT.jpg","contentUrl":"https:\/\/www.bestexfabricage.nl\/wp-content\/uploads\/2023\/09\/TBC6040-GRZWT.jpg","width":1500,"height":1500},{"@type":"BreadcrumbList","@id":"https:\/\/www.bestexfabricage.nl\/fr\/product\/salopette-de-jardin-coton-polyester-tbc6040-gris-noir\/#breadcrumb","itemListElement":[{"@type":"ListItem","position":1,"name":"Home","item":"https:\/\/www.bestexfabricage.nl\/fr\/"},{"@type":"ListItem","position":2,"name":"Boutique","item":"https:\/\/www.bestexfabricage.nl\/boutique\/"},{"@type":"ListItem","position":3,"name":"Salopette De Jardin Coton\/Polyester TBC6040 gris\/noir"}]},{"@type":"WebSite","@id":"https:\/\/www.bestexfabricage.nl\/fr\/#website","url":"https:\/\/www.bestexfabricage.nl\/fr\/","name":"Bestex Fabricage b.v.","description":"","publisher":{"@id":"https:\/\/www.bestexfabricage.nl\/fr\/#organization"},"potentialAction":[{"@type":"SearchAction","target":{"@type":"EntryPoint","urlTemplate":"https:\/\/www.bestexfabricage.nl\/fr\/?s={search_term_string}"},"query-input":{"@type":"PropertyValueSpecification","valueRequired":true,"valueName":"search_term_string"}}],"inLanguage":"fr-FR"},{"@type":"Organization","@id":"https:\/\/www.bestexfabricage.nl\/fr\/#organization","name":"Bestex Fabricage b.v.","url":"https:\/\/www.bestexfabricage.nl\/fr\/","logo":{"@type":"ImageObject","inLanguage":"fr-FR","@id":"https:\/\/www.bestexfabricage.nl\/fr\/#\/schema\/logo\/image\/","url":"https:\/\/www.bestexfabricage.nl\/wp-content\/uploads\/2024\/11\/BestexLogoPNG.png","contentUrl":"https:\/\/www.bestexfabricage.nl\/wp-content\/uploads\/2024\/11\/BestexLogoPNG.png","width":516,"height":237,"caption":"Bestex Fabricage b.v."},"image":{"@id":"https:\/\/www.bestexfabricage.nl\/fr\/#\/schema\/logo\/image\/"}}]}},"_links":{"self":[{"href":"https:\/\/www.bestexfabricage.nl\/fr\/wp-json\/wp\/v2\/product\/117623","targetHints":{"allow":["GET"]}}],"collection":[{"href":"https:\/\/www.bestexfabricage.nl\/fr\/wp-json\/wp\/v2\/product"}],"about":[{"href":"https:\/\/www.bestexfabricage.nl\/fr\/wp-json\/wp\/v2\/types\/product"}],"replies":[{"embeddable":true,"href":"https:\/\/www.bestexfabricage.nl\/fr\/wp-json\/wp\/v2\/comments?post=117623"}],"wp:featuredmedia":[{"embeddable":true,"href":"https:\/\/www.bestexfabricage.nl\/fr\/wp-json\/wp\/v2\/media\/117624"}],"wp:attachment":[{"href":"https:\/\/www.bestexfabricage.nl\/fr\/wp-json\/wp\/v2\/media?parent=117623"}],"wp:term":[{"taxonomy":"product_brand","embeddable":true,"href":"https:\/\/www.bestexfabricage.nl\/fr\/wp-json\/wp\/v2\/product_brand?post=117623"},{"taxonomy":"product_cat","embeddable":true,"href":"https:\/\/www.bestexfabricage.nl\/fr\/wp-json\/wp\/v2\/product_cat?post=117623"},{"taxonomy":"product_tag","embeddable":true,"href":"https:\/\/www.bestexfabricage.nl\/fr\/wp-json\/wp\/v2\/product_tag?post=117623"}],"curies":[{"name":"wp","href":"https:\/\/api.w.org\/{rel}","templated":true}]}}