{"id":129843,"date":"2023-10-21T09:50:15","date_gmt":"2023-10-21T07:50:15","guid":{"rendered":"https:\/\/www.bestexfabricage.nl\/product\/pull-polo-santino-robin-graphite\/"},"modified":"2023-10-21T09:50:15","modified_gmt":"2023-10-21T07:50:15","slug":"pull-polo-santino-robin-graphite","status":"publish","type":"product","link":"https:\/\/www.bestexfabricage.nl\/fr\/product\/pull-polo-santino-robin-graphite\/","title":{"rendered":"Pull Polo Santino Robin Graphite"},"content":{"rendered":"<div class=\"description\">\n<div>\n<p>Attention ! Commandez l&rsquo;article. D\u00e9lai de livraison : environ 4 jours ouvr\u00e9s, sous r\u00e9serve de disponibilit\u00e9 chez le fournisseur.  <\/p>\n<p>Pull polo, 50% coton \/ 50% polyester, 280 g\/m\u00b2, French terry avec int\u00e9rieur bross\u00e9, coupe regular avec col polo, patte de boutonnage 3 boutons, manches avec poignets c\u00f4tel\u00e9s et ceinture en c\u00f4te 1&#215;1.<\/p>\n<\/div>\n<\/div>\n<div><\/div>\n","protected":false},"excerpt":{"rendered":"<div class=\"description\">\n<div>Pull polo, 50% coton \/ 50% polyester, 280 g\/m\u00b2<\/div>\n<\/div>\n","protected":false},"featured_media":129853,"comment_status":"closed","ping_status":"closed","template":"","meta":{"_acf_changed":false},"product_brand":[],"product_cat":[2575],"product_tag":[],"class_list":{"0":"post-129843","1":"product","2":"type-product","3":"status-publish","4":"has-post-thumbnail","6":"product_cat-polosweater-fr","7":"pa_collectie-basic-line-fr","8":"pa_kleur-gris","9":"pa_kwaliteit-280-gr-m2-fr","10":"pa_maat-3xl-fr","11":"pa_maat-4xl-fr","12":"pa_maat-5xl-fr","13":"pa_maat-l-fr","14":"pa_maat-m-fr","15":"pa_maat-s-fr","16":"pa_maat-xl-fr","17":"pa_maat-xs-fr","18":"pa_maat-xxl-fr","19":"pa_merk-santino-fr","20":"pa_producttype-polosweater-fr","21":"pa_samenstelling-50-coton-50-polyester","23":"first","24":"instock","25":"taxable","26":"shipping-taxable","27":"purchasable","28":"product-type-variable"},"acf":[],"yoast_head":"<!-- This site is optimized with the Yoast SEO plugin v27.5 - https:\/\/yoast.com\/product\/yoast-seo-wordpress\/ -->\n<title>Pull Polo Santino Robin Graphite - Bestex Fabricage b.v.<\/title>\n<meta name=\"robots\" content=\"index, follow, max-snippet:-1, max-image-preview:large, max-video-preview:-1\" \/>\n<link rel=\"canonical\" href=\"https:\/\/www.bestexfabricage.nl\/fr\/product\/pull-polo-santino-robin-graphite\/\" \/>\n<meta property=\"og:locale\" content=\"fr_FR\" \/>\n<meta property=\"og:type\" content=\"article\" \/>\n<meta property=\"og:title\" content=\"Pull Polo Santino Robin Graphite - Bestex Fabricage b.v.\" \/>\n<meta property=\"og:description\" content=\"Pull polo, 50% coton \/ 50% polyester, 280 g\/m\u00b2\" \/>\n<meta property=\"og:url\" content=\"https:\/\/www.bestexfabricage.nl\/fr\/product\/pull-polo-santino-robin-graphite\/\" \/>\n<meta property=\"og:site_name\" content=\"Bestex Fabricage b.v.\" \/>\n<meta property=\"og:image\" content=\"https:\/\/www.bestexfabricage.nl\/wp-content\/uploads\/2023\/10\/S_Robin_Graphite1.jpg\" \/>\n\t<meta property=\"og:image:width\" content=\"2000\" \/>\n\t<meta property=\"og:image:height\" content=\"2000\" \/>\n\t<meta property=\"og:image:type\" content=\"image\/jpeg\" \/>\n<meta name=\"twitter:card\" content=\"summary_large_image\" \/>\n<script type=\"application\/ld+json\" class=\"yoast-schema-graph\">{\"@context\":\"https:\\\/\\\/schema.org\",\"@graph\":[{\"@type\":\"WebPage\",\"@id\":\"https:\\\/\\\/www.bestexfabricage.nl\\\/fr\\\/product\\\/pull-polo-santino-robin-graphite\\\/\",\"url\":\"https:\\\/\\\/www.bestexfabricage.nl\\\/fr\\\/product\\\/pull-polo-santino-robin-graphite\\\/\",\"name\":\"Pull Polo Santino Robin Graphite - Bestex Fabricage b.v.\",\"isPartOf\":{\"@id\":\"https:\\\/\\\/www.bestexfabricage.nl\\\/fr\\\/#website\"},\"primaryImageOfPage\":{\"@id\":\"https:\\\/\\\/www.bestexfabricage.nl\\\/fr\\\/product\\\/pull-polo-santino-robin-graphite\\\/#primaryimage\"},\"image\":{\"@id\":\"https:\\\/\\\/www.bestexfabricage.nl\\\/fr\\\/product\\\/pull-polo-santino-robin-graphite\\\/#primaryimage\"},\"thumbnailUrl\":\"https:\\\/\\\/www.bestexfabricage.nl\\\/wp-content\\\/uploads\\\/2023\\\/10\\\/S_Robin_Graphite1.jpg\",\"datePublished\":\"2023-10-21T07:50:15+00:00\",\"breadcrumb\":{\"@id\":\"https:\\\/\\\/www.bestexfabricage.nl\\\/fr\\\/product\\\/pull-polo-santino-robin-graphite\\\/#breadcrumb\"},\"inLanguage\":\"fr-FR\",\"potentialAction\":[{\"@type\":\"ReadAction\",\"target\":[\"https:\\\/\\\/www.bestexfabricage.nl\\\/fr\\\/product\\\/pull-polo-santino-robin-graphite\\\/\"]}]},{\"@type\":\"ImageObject\",\"inLanguage\":\"fr-FR\",\"@id\":\"https:\\\/\\\/www.bestexfabricage.nl\\\/fr\\\/product\\\/pull-polo-santino-robin-graphite\\\/#primaryimage\",\"url\":\"https:\\\/\\\/www.bestexfabricage.nl\\\/wp-content\\\/uploads\\\/2023\\\/10\\\/S_Robin_Graphite1.jpg\",\"contentUrl\":\"https:\\\/\\\/www.bestexfabricage.nl\\\/wp-content\\\/uploads\\\/2023\\\/10\\\/S_Robin_Graphite1.jpg\",\"width\":2000,\"height\":2000},{\"@type\":\"BreadcrumbList\",\"@id\":\"https:\\\/\\\/www.bestexfabricage.nl\\\/fr\\\/product\\\/pull-polo-santino-robin-graphite\\\/#breadcrumb\",\"itemListElement\":[{\"@type\":\"ListItem\",\"position\":1,\"name\":\"Home\",\"item\":\"https:\\\/\\\/www.bestexfabricage.nl\\\/fr\\\/\"},{\"@type\":\"ListItem\",\"position\":2,\"name\":\"Boutique\",\"item\":\"https:\\\/\\\/www.bestexfabricage.nl\\\/boutique\\\/\"},{\"@type\":\"ListItem\",\"position\":3,\"name\":\"Pull Polo Santino Robin Graphite\"}]},{\"@type\":\"WebSite\",\"@id\":\"https:\\\/\\\/www.bestexfabricage.nl\\\/fr\\\/#website\",\"url\":\"https:\\\/\\\/www.bestexfabricage.nl\\\/fr\\\/\",\"name\":\"Bestex Fabricage b.v.\",\"description\":\"\",\"publisher\":{\"@id\":\"https:\\\/\\\/www.bestexfabricage.nl\\\/fr\\\/#organization\"},\"potentialAction\":[{\"@type\":\"SearchAction\",\"target\":{\"@type\":\"EntryPoint\",\"urlTemplate\":\"https:\\\/\\\/www.bestexfabricage.nl\\\/fr\\\/?s={search_term_string}\"},\"query-input\":{\"@type\":\"PropertyValueSpecification\",\"valueRequired\":true,\"valueName\":\"search_term_string\"}}],\"inLanguage\":\"fr-FR\"},{\"@type\":\"Organization\",\"@id\":\"https:\\\/\\\/www.bestexfabricage.nl\\\/fr\\\/#organization\",\"name\":\"Bestex Fabricage b.v.\",\"url\":\"https:\\\/\\\/www.bestexfabricage.nl\\\/fr\\\/\",\"logo\":{\"@type\":\"ImageObject\",\"inLanguage\":\"fr-FR\",\"@id\":\"https:\\\/\\\/www.bestexfabricage.nl\\\/fr\\\/#\\\/schema\\\/logo\\\/image\\\/\",\"url\":\"https:\\\/\\\/www.bestexfabricage.nl\\\/wp-content\\\/uploads\\\/2024\\\/11\\\/BestexLogoPNG.png\",\"contentUrl\":\"https:\\\/\\\/www.bestexfabricage.nl\\\/wp-content\\\/uploads\\\/2024\\\/11\\\/BestexLogoPNG.png\",\"width\":516,\"height\":237,\"caption\":\"Bestex Fabricage b.v.\"},\"image\":{\"@id\":\"https:\\\/\\\/www.bestexfabricage.nl\\\/fr\\\/#\\\/schema\\\/logo\\\/image\\\/\"}}]}<\/script>\n<!-- \/ Yoast SEO plugin. -->","yoast_head_json":{"title":"Pull Polo Santino Robin Graphite - Bestex Fabricage b.v.","robots":{"index":"index","follow":"follow","max-snippet":"max-snippet:-1","max-image-preview":"max-image-preview:large","max-video-preview":"max-video-preview:-1"},"canonical":"https:\/\/www.bestexfabricage.nl\/fr\/product\/pull-polo-santino-robin-graphite\/","og_locale":"fr_FR","og_type":"article","og_title":"Pull Polo Santino Robin Graphite - Bestex Fabricage b.v.","og_description":"Pull polo, 50% coton \/ 50% polyester, 280 g\/m\u00b2","og_url":"https:\/\/www.bestexfabricage.nl\/fr\/product\/pull-polo-santino-robin-graphite\/","og_site_name":"Bestex Fabricage b.v.","og_image":[{"width":2000,"height":2000,"url":"https:\/\/www.bestexfabricage.nl\/wp-content\/uploads\/2023\/10\/S_Robin_Graphite1.jpg","type":"image\/jpeg"}],"twitter_card":"summary_large_image","schema":{"@context":"https:\/\/schema.org","@graph":[{"@type":"WebPage","@id":"https:\/\/www.bestexfabricage.nl\/fr\/product\/pull-polo-santino-robin-graphite\/","url":"https:\/\/www.bestexfabricage.nl\/fr\/product\/pull-polo-santino-robin-graphite\/","name":"Pull Polo Santino Robin Graphite - Bestex Fabricage b.v.","isPartOf":{"@id":"https:\/\/www.bestexfabricage.nl\/fr\/#website"},"primaryImageOfPage":{"@id":"https:\/\/www.bestexfabricage.nl\/fr\/product\/pull-polo-santino-robin-graphite\/#primaryimage"},"image":{"@id":"https:\/\/www.bestexfabricage.nl\/fr\/product\/pull-polo-santino-robin-graphite\/#primaryimage"},"thumbnailUrl":"https:\/\/www.bestexfabricage.nl\/wp-content\/uploads\/2023\/10\/S_Robin_Graphite1.jpg","datePublished":"2023-10-21T07:50:15+00:00","breadcrumb":{"@id":"https:\/\/www.bestexfabricage.nl\/fr\/product\/pull-polo-santino-robin-graphite\/#breadcrumb"},"inLanguage":"fr-FR","potentialAction":[{"@type":"ReadAction","target":["https:\/\/www.bestexfabricage.nl\/fr\/product\/pull-polo-santino-robin-graphite\/"]}]},{"@type":"ImageObject","inLanguage":"fr-FR","@id":"https:\/\/www.bestexfabricage.nl\/fr\/product\/pull-polo-santino-robin-graphite\/#primaryimage","url":"https:\/\/www.bestexfabricage.nl\/wp-content\/uploads\/2023\/10\/S_Robin_Graphite1.jpg","contentUrl":"https:\/\/www.bestexfabricage.nl\/wp-content\/uploads\/2023\/10\/S_Robin_Graphite1.jpg","width":2000,"height":2000},{"@type":"BreadcrumbList","@id":"https:\/\/www.bestexfabricage.nl\/fr\/product\/pull-polo-santino-robin-graphite\/#breadcrumb","itemListElement":[{"@type":"ListItem","position":1,"name":"Home","item":"https:\/\/www.bestexfabricage.nl\/fr\/"},{"@type":"ListItem","position":2,"name":"Boutique","item":"https:\/\/www.bestexfabricage.nl\/boutique\/"},{"@type":"ListItem","position":3,"name":"Pull Polo Santino Robin Graphite"}]},{"@type":"WebSite","@id":"https:\/\/www.bestexfabricage.nl\/fr\/#website","url":"https:\/\/www.bestexfabricage.nl\/fr\/","name":"Bestex Fabricage b.v.","description":"","publisher":{"@id":"https:\/\/www.bestexfabricage.nl\/fr\/#organization"},"potentialAction":[{"@type":"SearchAction","target":{"@type":"EntryPoint","urlTemplate":"https:\/\/www.bestexfabricage.nl\/fr\/?s={search_term_string}"},"query-input":{"@type":"PropertyValueSpecification","valueRequired":true,"valueName":"search_term_string"}}],"inLanguage":"fr-FR"},{"@type":"Organization","@id":"https:\/\/www.bestexfabricage.nl\/fr\/#organization","name":"Bestex Fabricage b.v.","url":"https:\/\/www.bestexfabricage.nl\/fr\/","logo":{"@type":"ImageObject","inLanguage":"fr-FR","@id":"https:\/\/www.bestexfabricage.nl\/fr\/#\/schema\/logo\/image\/","url":"https:\/\/www.bestexfabricage.nl\/wp-content\/uploads\/2024\/11\/BestexLogoPNG.png","contentUrl":"https:\/\/www.bestexfabricage.nl\/wp-content\/uploads\/2024\/11\/BestexLogoPNG.png","width":516,"height":237,"caption":"Bestex Fabricage b.v."},"image":{"@id":"https:\/\/www.bestexfabricage.nl\/fr\/#\/schema\/logo\/image\/"}}]}},"_links":{"self":[{"href":"https:\/\/www.bestexfabricage.nl\/fr\/wp-json\/wp\/v2\/product\/129843","targetHints":{"allow":["GET"]}}],"collection":[{"href":"https:\/\/www.bestexfabricage.nl\/fr\/wp-json\/wp\/v2\/product"}],"about":[{"href":"https:\/\/www.bestexfabricage.nl\/fr\/wp-json\/wp\/v2\/types\/product"}],"replies":[{"embeddable":true,"href":"https:\/\/www.bestexfabricage.nl\/fr\/wp-json\/wp\/v2\/comments?post=129843"}],"wp:featuredmedia":[{"embeddable":true,"href":"https:\/\/www.bestexfabricage.nl\/fr\/wp-json\/wp\/v2\/media\/129853"}],"wp:attachment":[{"href":"https:\/\/www.bestexfabricage.nl\/fr\/wp-json\/wp\/v2\/media?parent=129843"}],"wp:term":[{"taxonomy":"product_brand","embeddable":true,"href":"https:\/\/www.bestexfabricage.nl\/fr\/wp-json\/wp\/v2\/product_brand?post=129843"},{"taxonomy":"product_cat","embeddable":true,"href":"https:\/\/www.bestexfabricage.nl\/fr\/wp-json\/wp\/v2\/product_cat?post=129843"},{"taxonomy":"product_tag","embeddable":true,"href":"https:\/\/www.bestexfabricage.nl\/fr\/wp-json\/wp\/v2\/product_tag?post=129843"}],"curies":[{"name":"wp","href":"https:\/\/api.w.org\/{rel}","templated":true}]}}