{"id":156067,"date":"2023-11-11T15:29:40","date_gmt":"2023-11-11T13:29:40","guid":{"rendered":"https:\/\/www.bestexfabricage.nl\/product\/pantalon-de-travail-havep-80340-noir-gris-anthracite\/"},"modified":"2023-11-11T15:29:40","modified_gmt":"2023-11-11T13:29:40","slug":"pantalon-de-travail-havep-80340-noir-gris-anthracite","status":"publish","type":"product","link":"https:\/\/www.bestexfabricage.nl\/fr\/product\/pantalon-de-travail-havep-80340-noir-gris-anthracite\/","title":{"rendered":"Pantalon de travail Havep 80340 Noir\/Gris anthracite"},"content":{"rendered":"<div class=\"description\">\n<div class=\"details-img\">\n<div class=\"carousel-legend\">\n<div class=\"info-wrapper\">\n<div class=\"info-wrapper\">\n<div class=\"info-wrapper\">\n<div class=\"info-wrapper\">\n<div class=\"info-wrapper\">\n<div class=\"info-wrapper\">\n<div class=\"info-wrapper\">\n<div class=\"info-wrapper\">\n<div class=\"info-wrapper\">\n<div class=\"info-wrapper\">\n<div class=\"info-wrapper\">\n<div class=\"info-wrapper\">\n<div class=\"info-wrapper\">\n<div class=\"info-wrapper\">\n<div class=\"info-wrapper\">\n<div class=\"info-wrapper\">\n<div class=\"info-wrapper\">\n<div class=\"info-wrapper\">\n<div class=\"info-wrapper\">\n<div class=\"info-wrapper\">\n<div class=\"info-wrapper\">\n<div class=\"info-wrapper\">\n<div class=\"info-wrapper\">\n<div class=\"info-wrapper\">\n<div class=\"info-wrapper\">\n<div class=\"info-wrapper\">\n<p>Attention ! Article \u00e0 commander.  D\u00e9lai de livraison : +\/- 4 jours ouvrables si le produit est en stock chez le fournisseur.<\/p>\n<p>Les autres tailles ne sont pas en stock, mais peuvent l&rsquo;\u00eatre. Veuillez contacter le service client pour conna\u00eetre la disponibilit\u00e9 et le d\u00e9lai de livraison. <\/p>\n<h4 class=\"field-label-above\">DESCRIPTION<\/h4>\n<p>Les pantalons de travail ignifug\u00e9s et antistatiques de la collection HAVEP\u00ae 5safety Image+ r\u00e9pondent \u00e0 6 normes et sont fabriqu\u00e9s en coton\/polyester.<\/p>\n<\/div>\n<div class=\"info-wrapper\">\n<ul>\n<li>fermeture \u00e9clair dissimul\u00e9e<\/li>\n<li>2 poches lat\u00e9rales encastr\u00e9es<\/li>\n<li>2 poches arri\u00e8re \u00e0 rabat<\/li>\n<li>poche m\u00e8tre avec rabat<\/li>\n<li>poche cuisse avec rabat<\/li>\n<li>poches aux genoux<\/li>\n<li>Insert suppl\u00e9mentaire \u00e0 la croix pour \u00e9viter les d\u00e9chirures<\/li>\n<li>bande r\u00e9fl\u00e9chissante<\/li>\n<\/ul>\n<\/div>\n<\/div>\n<\/div>\n<\/div>\n<\/div>\n<\/div>\n<\/div>\n<\/div>\n<\/div>\n<\/div>\n<\/div>\n<\/div>\n<\/div>\n<\/div>\n<\/div>\n<\/div>\n<\/div>\n<\/div>\n<\/div>\n<\/div>\n<\/div>\n<\/div>\n<\/div>\n<\/div>\n<\/div>\n<\/div>\n<\/div>\n<\/div>\n<\/div>\n","protected":false},"excerpt":{"rendered":"<div class=\"info-wrapper\">\n<div class=\"quality-data\">\n<div class=\"remote_entity\" data-bulkorder-entity-id=\"remote_entity\/5254\">\n<div class=\"info-wrapper\">\n<div class=\"quality-data\">\n<div class=\"remote_entity\" data-bulkorder-entity-id=\"remote_entity\/1953\">\n<p>80 % \/ 19 % \/ 1 % | coton \/ polyester \/ carbone | tissage satin 4\/1 | 280 g\/m\u00b2<\/p>\n<\/div>\n<\/div>\n<\/div>\n<\/div>\n<\/div>\n<\/div>\n<div class=\"info-wrapper downloads\"><\/div>\n","protected":false},"featured_media":156071,"comment_status":"open","ping_status":"closed","template":"","meta":{"_acf_changed":false},"product_brand":[],"product_cat":[2308],"product_tag":[],"class_list":{"0":"post-156067","1":"product","2":"type-product","3":"status-publish","4":"has-post-thumbnail","6":"product_cat-geen-categorie-fr","7":"pa_collectie-havep-5safety-image","8":"pa_kleur-gris","9":"pa_kleur-noir","10":"pa_kwaliteit-280-gr-m2-fr","11":"pa_maat-3076","12":"pa_maat-3075","13":"pa_maat-3074","14":"pa_maat-3077","15":"pa_maat-3073","16":"pa_maat-44-fr","17":"pa_maat-46-fr","18":"pa_maat-48-fr","19":"pa_maat-50-fr","20":"pa_maat-51-fr","21":"pa_maat-52-fr","22":"pa_maat-53-fr","23":"pa_maat-54-fr","24":"pa_maat-56-fr","25":"pa_maat-57-fr","26":"pa_maat-58-fr","27":"pa_maat-59-fr","28":"pa_maat-60-fr","29":"pa_maat-62-fr","30":"pa_maat-64-fr","31":"pa_merk-havep-fr","32":"pa_norm-en-1149-fr","33":"pa_norm-en-13034","34":"pa_norm-en-17353","35":"pa_norm-en-iso-11611-fr","36":"pa_norm-en-iso-11612-fr","37":"pa_norm-iec-61482","38":"pa_producttype-pantalon-de-travail","39":"pa_samenstelling-80-19-1-coton-polyester-carbone","41":"first","42":"instock","43":"taxable","44":"shipping-taxable","45":"purchasable","46":"product-type-variable"},"acf":[],"yoast_head":"<!-- This site is optimized with the Yoast SEO plugin v27.5 - https:\/\/yoast.com\/product\/yoast-seo-wordpress\/ -->\n<title>Pantalon de travail Havep 80340 Noir\/Gris anthracite - Bestex Fabricage b.v.<\/title>\n<meta name=\"robots\" content=\"index, follow, max-snippet:-1, max-image-preview:large, max-video-preview:-1\" \/>\n<link rel=\"canonical\" href=\"https:\/\/www.bestexfabricage.nl\/fr\/product\/pantalon-de-travail-havep-80340-noir-gris-anthracite\/\" \/>\n<meta property=\"og:locale\" content=\"fr_FR\" \/>\n<meta property=\"og:type\" content=\"article\" \/>\n<meta property=\"og:title\" content=\"Pantalon de travail Havep 80340 Noir\/Gris anthracite - Bestex Fabricage b.v.\" \/>\n<meta property=\"og:description\" content=\"80 % \/ 19 % \/ 1 % | coton \/ polyester \/ carbone | tissage satin 4\/1 | 280 g\/m\u00b2\" \/>\n<meta property=\"og:url\" content=\"https:\/\/www.bestexfabricage.nl\/fr\/product\/pantalon-de-travail-havep-80340-noir-gris-anthracite\/\" \/>\n<meta property=\"og:site_name\" content=\"Bestex Fabricage b.v.\" \/>\n<meta property=\"og:image\" content=\"https:\/\/www.bestexfabricage.nl\/wp-content\/uploads\/2023\/11\/80340269CDK.png\" \/>\n\t<meta property=\"og:image:width\" content=\"242\" \/>\n\t<meta property=\"og:image:height\" content=\"480\" \/>\n\t<meta property=\"og:image:type\" content=\"image\/png\" \/>\n<meta name=\"twitter:card\" content=\"summary_large_image\" \/>\n<meta name=\"twitter:label1\" content=\"Dur\u00e9e de lecture estim\u00e9e\" \/>\n\t<meta name=\"twitter:data1\" content=\"1 minute\" \/>\n<script type=\"application\/ld+json\" class=\"yoast-schema-graph\">{\"@context\":\"https:\\\/\\\/schema.org\",\"@graph\":[{\"@type\":\"WebPage\",\"@id\":\"https:\\\/\\\/www.bestexfabricage.nl\\\/fr\\\/product\\\/pantalon-de-travail-havep-80340-noir-gris-anthracite\\\/\",\"url\":\"https:\\\/\\\/www.bestexfabricage.nl\\\/fr\\\/product\\\/pantalon-de-travail-havep-80340-noir-gris-anthracite\\\/\",\"name\":\"Pantalon de travail Havep 80340 Noir\\\/Gris anthracite - Bestex Fabricage b.v.\",\"isPartOf\":{\"@id\":\"https:\\\/\\\/www.bestexfabricage.nl\\\/fr\\\/#website\"},\"primaryImageOfPage\":{\"@id\":\"https:\\\/\\\/www.bestexfabricage.nl\\\/fr\\\/product\\\/pantalon-de-travail-havep-80340-noir-gris-anthracite\\\/#primaryimage\"},\"image\":{\"@id\":\"https:\\\/\\\/www.bestexfabricage.nl\\\/fr\\\/product\\\/pantalon-de-travail-havep-80340-noir-gris-anthracite\\\/#primaryimage\"},\"thumbnailUrl\":\"https:\\\/\\\/www.bestexfabricage.nl\\\/wp-content\\\/uploads\\\/2023\\\/11\\\/80340269CDK.png\",\"datePublished\":\"2023-11-11T13:29:40+00:00\",\"breadcrumb\":{\"@id\":\"https:\\\/\\\/www.bestexfabricage.nl\\\/fr\\\/product\\\/pantalon-de-travail-havep-80340-noir-gris-anthracite\\\/#breadcrumb\"},\"inLanguage\":\"fr-FR\",\"potentialAction\":[{\"@type\":\"ReadAction\",\"target\":[\"https:\\\/\\\/www.bestexfabricage.nl\\\/fr\\\/product\\\/pantalon-de-travail-havep-80340-noir-gris-anthracite\\\/\"]}]},{\"@type\":\"ImageObject\",\"inLanguage\":\"fr-FR\",\"@id\":\"https:\\\/\\\/www.bestexfabricage.nl\\\/fr\\\/product\\\/pantalon-de-travail-havep-80340-noir-gris-anthracite\\\/#primaryimage\",\"url\":\"https:\\\/\\\/www.bestexfabricage.nl\\\/wp-content\\\/uploads\\\/2023\\\/11\\\/80340269CDK.png\",\"contentUrl\":\"https:\\\/\\\/www.bestexfabricage.nl\\\/wp-content\\\/uploads\\\/2023\\\/11\\\/80340269CDK.png\",\"width\":242,\"height\":480},{\"@type\":\"BreadcrumbList\",\"@id\":\"https:\\\/\\\/www.bestexfabricage.nl\\\/fr\\\/product\\\/pantalon-de-travail-havep-80340-noir-gris-anthracite\\\/#breadcrumb\",\"itemListElement\":[{\"@type\":\"ListItem\",\"position\":1,\"name\":\"Home\",\"item\":\"https:\\\/\\\/www.bestexfabricage.nl\\\/fr\\\/\"},{\"@type\":\"ListItem\",\"position\":2,\"name\":\"Boutique\",\"item\":\"https:\\\/\\\/www.bestexfabricage.nl\\\/boutique\\\/\"},{\"@type\":\"ListItem\",\"position\":3,\"name\":\"Pantalon de travail Havep 80340 Noir\\\/Gris anthracite\"}]},{\"@type\":\"WebSite\",\"@id\":\"https:\\\/\\\/www.bestexfabricage.nl\\\/fr\\\/#website\",\"url\":\"https:\\\/\\\/www.bestexfabricage.nl\\\/fr\\\/\",\"name\":\"Bestex Fabricage b.v.\",\"description\":\"\",\"publisher\":{\"@id\":\"https:\\\/\\\/www.bestexfabricage.nl\\\/fr\\\/#organization\"},\"potentialAction\":[{\"@type\":\"SearchAction\",\"target\":{\"@type\":\"EntryPoint\",\"urlTemplate\":\"https:\\\/\\\/www.bestexfabricage.nl\\\/fr\\\/?s={search_term_string}\"},\"query-input\":{\"@type\":\"PropertyValueSpecification\",\"valueRequired\":true,\"valueName\":\"search_term_string\"}}],\"inLanguage\":\"fr-FR\"},{\"@type\":\"Organization\",\"@id\":\"https:\\\/\\\/www.bestexfabricage.nl\\\/fr\\\/#organization\",\"name\":\"Bestex Fabricage b.v.\",\"url\":\"https:\\\/\\\/www.bestexfabricage.nl\\\/fr\\\/\",\"logo\":{\"@type\":\"ImageObject\",\"inLanguage\":\"fr-FR\",\"@id\":\"https:\\\/\\\/www.bestexfabricage.nl\\\/fr\\\/#\\\/schema\\\/logo\\\/image\\\/\",\"url\":\"https:\\\/\\\/www.bestexfabricage.nl\\\/wp-content\\\/uploads\\\/2024\\\/11\\\/BestexLogoPNG.png\",\"contentUrl\":\"https:\\\/\\\/www.bestexfabricage.nl\\\/wp-content\\\/uploads\\\/2024\\\/11\\\/BestexLogoPNG.png\",\"width\":516,\"height\":237,\"caption\":\"Bestex Fabricage b.v.\"},\"image\":{\"@id\":\"https:\\\/\\\/www.bestexfabricage.nl\\\/fr\\\/#\\\/schema\\\/logo\\\/image\\\/\"}}]}<\/script>\n<!-- \/ Yoast SEO plugin. -->","yoast_head_json":{"title":"Pantalon de travail Havep 80340 Noir\/Gris anthracite - Bestex Fabricage b.v.","robots":{"index":"index","follow":"follow","max-snippet":"max-snippet:-1","max-image-preview":"max-image-preview:large","max-video-preview":"max-video-preview:-1"},"canonical":"https:\/\/www.bestexfabricage.nl\/fr\/product\/pantalon-de-travail-havep-80340-noir-gris-anthracite\/","og_locale":"fr_FR","og_type":"article","og_title":"Pantalon de travail Havep 80340 Noir\/Gris anthracite - Bestex Fabricage b.v.","og_description":"80 % \/ 19 % \/ 1 % | coton \/ polyester \/ carbone | tissage satin 4\/1 | 280 g\/m\u00b2","og_url":"https:\/\/www.bestexfabricage.nl\/fr\/product\/pantalon-de-travail-havep-80340-noir-gris-anthracite\/","og_site_name":"Bestex Fabricage b.v.","og_image":[{"width":242,"height":480,"url":"https:\/\/www.bestexfabricage.nl\/wp-content\/uploads\/2023\/11\/80340269CDK.png","type":"image\/png"}],"twitter_card":"summary_large_image","twitter_misc":{"Dur\u00e9e de lecture estim\u00e9e":"1 minute"},"schema":{"@context":"https:\/\/schema.org","@graph":[{"@type":"WebPage","@id":"https:\/\/www.bestexfabricage.nl\/fr\/product\/pantalon-de-travail-havep-80340-noir-gris-anthracite\/","url":"https:\/\/www.bestexfabricage.nl\/fr\/product\/pantalon-de-travail-havep-80340-noir-gris-anthracite\/","name":"Pantalon de travail Havep 80340 Noir\/Gris anthracite - Bestex Fabricage b.v.","isPartOf":{"@id":"https:\/\/www.bestexfabricage.nl\/fr\/#website"},"primaryImageOfPage":{"@id":"https:\/\/www.bestexfabricage.nl\/fr\/product\/pantalon-de-travail-havep-80340-noir-gris-anthracite\/#primaryimage"},"image":{"@id":"https:\/\/www.bestexfabricage.nl\/fr\/product\/pantalon-de-travail-havep-80340-noir-gris-anthracite\/#primaryimage"},"thumbnailUrl":"https:\/\/www.bestexfabricage.nl\/wp-content\/uploads\/2023\/11\/80340269CDK.png","datePublished":"2023-11-11T13:29:40+00:00","breadcrumb":{"@id":"https:\/\/www.bestexfabricage.nl\/fr\/product\/pantalon-de-travail-havep-80340-noir-gris-anthracite\/#breadcrumb"},"inLanguage":"fr-FR","potentialAction":[{"@type":"ReadAction","target":["https:\/\/www.bestexfabricage.nl\/fr\/product\/pantalon-de-travail-havep-80340-noir-gris-anthracite\/"]}]},{"@type":"ImageObject","inLanguage":"fr-FR","@id":"https:\/\/www.bestexfabricage.nl\/fr\/product\/pantalon-de-travail-havep-80340-noir-gris-anthracite\/#primaryimage","url":"https:\/\/www.bestexfabricage.nl\/wp-content\/uploads\/2023\/11\/80340269CDK.png","contentUrl":"https:\/\/www.bestexfabricage.nl\/wp-content\/uploads\/2023\/11\/80340269CDK.png","width":242,"height":480},{"@type":"BreadcrumbList","@id":"https:\/\/www.bestexfabricage.nl\/fr\/product\/pantalon-de-travail-havep-80340-noir-gris-anthracite\/#breadcrumb","itemListElement":[{"@type":"ListItem","position":1,"name":"Home","item":"https:\/\/www.bestexfabricage.nl\/fr\/"},{"@type":"ListItem","position":2,"name":"Boutique","item":"https:\/\/www.bestexfabricage.nl\/boutique\/"},{"@type":"ListItem","position":3,"name":"Pantalon de travail Havep 80340 Noir\/Gris anthracite"}]},{"@type":"WebSite","@id":"https:\/\/www.bestexfabricage.nl\/fr\/#website","url":"https:\/\/www.bestexfabricage.nl\/fr\/","name":"Bestex Fabricage b.v.","description":"","publisher":{"@id":"https:\/\/www.bestexfabricage.nl\/fr\/#organization"},"potentialAction":[{"@type":"SearchAction","target":{"@type":"EntryPoint","urlTemplate":"https:\/\/www.bestexfabricage.nl\/fr\/?s={search_term_string}"},"query-input":{"@type":"PropertyValueSpecification","valueRequired":true,"valueName":"search_term_string"}}],"inLanguage":"fr-FR"},{"@type":"Organization","@id":"https:\/\/www.bestexfabricage.nl\/fr\/#organization","name":"Bestex Fabricage b.v.","url":"https:\/\/www.bestexfabricage.nl\/fr\/","logo":{"@type":"ImageObject","inLanguage":"fr-FR","@id":"https:\/\/www.bestexfabricage.nl\/fr\/#\/schema\/logo\/image\/","url":"https:\/\/www.bestexfabricage.nl\/wp-content\/uploads\/2024\/11\/BestexLogoPNG.png","contentUrl":"https:\/\/www.bestexfabricage.nl\/wp-content\/uploads\/2024\/11\/BestexLogoPNG.png","width":516,"height":237,"caption":"Bestex Fabricage b.v."},"image":{"@id":"https:\/\/www.bestexfabricage.nl\/fr\/#\/schema\/logo\/image\/"}}]}},"_links":{"self":[{"href":"https:\/\/www.bestexfabricage.nl\/fr\/wp-json\/wp\/v2\/product\/156067","targetHints":{"allow":["GET"]}}],"collection":[{"href":"https:\/\/www.bestexfabricage.nl\/fr\/wp-json\/wp\/v2\/product"}],"about":[{"href":"https:\/\/www.bestexfabricage.nl\/fr\/wp-json\/wp\/v2\/types\/product"}],"replies":[{"embeddable":true,"href":"https:\/\/www.bestexfabricage.nl\/fr\/wp-json\/wp\/v2\/comments?post=156067"}],"wp:featuredmedia":[{"embeddable":true,"href":"https:\/\/www.bestexfabricage.nl\/fr\/wp-json\/wp\/v2\/media\/156071"}],"wp:attachment":[{"href":"https:\/\/www.bestexfabricage.nl\/fr\/wp-json\/wp\/v2\/media?parent=156067"}],"wp:term":[{"taxonomy":"product_brand","embeddable":true,"href":"https:\/\/www.bestexfabricage.nl\/fr\/wp-json\/wp\/v2\/product_brand?post=156067"},{"taxonomy":"product_cat","embeddable":true,"href":"https:\/\/www.bestexfabricage.nl\/fr\/wp-json\/wp\/v2\/product_cat?post=156067"},{"taxonomy":"product_tag","embeddable":true,"href":"https:\/\/www.bestexfabricage.nl\/fr\/wp-json\/wp\/v2\/product_tag?post=156067"}],"curies":[{"name":"wp","href":"https:\/\/api.w.org\/{rel}","templated":true}]}}